{"id":956,"date":"2014-10-06T15:15:32","date_gmt":"2014-10-06T13:15:32","guid":{"rendered":"http:\/\/orient.rzeszow.pl\/?page_id=956"},"modified":"2015-02-10T01:24:00","modified_gmt":"2015-02-10T00:24:00","slug":"uszczelnienia-detali-na-wszelkich-pokryciach-dachowych","status":"publish","type":"page","link":"https:\/\/orient.rzeszow.pl\/?page_id=956","title":{"rendered":"Uszczelnienia detali na wszelkich pokryciach dachowych"},"content":{"rendered":"<p>Dotychczas du\u017ce problemy stwarza\u0142o wykonanie uszczelnie\u0144 detali o nietypowych kszta\u0142tach, <strong>ALE TO JU\u017b NA SZCZ\u0118\u015aCIE PRZESZ\u0141O\u015a\u0106<\/strong>. Korzystaj\u0105c z ogromnego rozwoju chemii budowlanej oraz wykorzystuj\u0105c nasze wieloletnie\u00a0do\u015bwiadczenie oferujemy wykonanie uszczelnie\u0144 nietypowych element\u00f3w przechodz\u0105cych przez\u00a0po\u0142a\u0107 dachu. Dobieraj\u0105c odpowiedni\u0105 technologi\u0119 jeste\u015bmy w stanie wykona\u0107 uszczelnienia\u00a0element\u00f3w o dowolnych kszta\u0142tach i wykonanych z r\u00f3\u017cnych materia\u0142\u00f3w.<\/p>\n<p style=\"text-align: center;\">\n\n\t<div class='ngg-imagebrowser'\n         id='ngg-imagebrowser-969-956'\n         data-nextgen-gallery-id=\"969\">\n\n        <h3>01-Detale<\/h3>\n\n        <div id=\"ngg-image-0\" class=\"pic\" >\n\n        <a href='https:\/\/orient.rzeszow.pl\/wp-content\/gallery\/uszczelnienia-detali-na-wszelkich-pokryciach-dachowych\/01-Detale.JPG'\n           title=' '\n           data-src=\"https:\/\/orient.rzeszow.pl\/wp-content\/gallery\/uszczelnienia-detali-na-wszelkich-pokryciach-dachowych\/01-Detale.JPG\"\n           data-thumbnail=\"https:\/\/orient.rzeszow.pl\/wp-content\/gallery\/uszczelnienia-detali-na-wszelkich-pokryciach-dachowych\/thumbs\/thumbs_01-Detale.JPG\"\n           data-image-id=\"8\"\n           data-title=\"01-Detale\"\n           data-description=\" \"\n           class=\"ngg-fancybox\" rel=\"969\">\n            <img title='01-Detale'\n                 alt='01-Detale'\n                 src='https:\/\/orient.rzeszow.pl\/wp-content\/gallery\/uszczelnienia-detali-na-wszelkich-pokryciach-dachowych\/01-Detale.JPG'\/>\n        <\/a>\n\n        <\/div> \n\n        <div class='ngg-imagebrowser-nav'>\n\n            <div class='back'>\n                <a class='ngg-browser-prev'\n                   id='ngg-prev-18'\n                   href='https:\/\/orient.rzeszow.pl\/index.php\/nggallery\/image\/11-detale-010?page_id=956'>\n                    &#9668; Wstecz                <\/a>\n            <\/div>\n\n            <div class='next'>\n                <a class='ngg-browser-next'\n                   id='ngg-next-9'\n                   href='https:\/\/orient.rzeszow.pl\/index.php\/nggallery\/image\/02-detale-001?page_id=956'>\n                    Nast\u0119pny                    &#9658;\n                <\/a>\n            <\/div>\n\n            <div class='counter'>\n                Obraz                1                z                11            <\/div>\n\n            <div class='ngg-imagebrowser-desc'>\n                <p> <\/p>\n            <\/div>\n\n        <\/div>\n    <\/div>\n\n<\/p>\n","protected":false},"excerpt":{"rendered":"<p>Dotychczas du\u017ce problemy stwarza\u0142o wykonanie uszczelnie\u0144 detali o nietypowych kszta\u0142tach, ALE TO JU\u017b NA SZCZ\u0118\u015aCIE PRZESZ\u0141O\u015a\u0106. Korzystaj\u0105c z ogromnego rozwoju chemii budowlanej oraz wykorzystuj\u0105c nasze wieloletnie\u00a0do\u015bwiadczenie oferujemy wykonanie uszczelnie\u0144 nietypowych element\u00f3w przechodz\u0105cych przez\u00a0po\u0142a\u0107 dachu. Dobieraj\u0105c odpowiedni\u0105 technologi\u0119 jeste\u015bmy w stanie &hellip; <a href=\"https:\/\/orient.rzeszow.pl\/?page_id=956\"><\/a><\/p>\n","protected":false},"author":3,"featured_media":0,"parent":358,"menu_order":0,"comment_status":"closed","ping_status":"closed","template":"page-oferta.php","meta":{"ngg_post_thumbnail":0},"_links":{"self":[{"href":"https:\/\/orient.rzeszow.pl\/index.php?rest_route=\/wp\/v2\/pages\/956"}],"collection":[{"href":"https:\/\/orient.rzeszow.pl\/index.php?rest_route=\/wp\/v2\/pages"}],"about":[{"href":"https:\/\/orient.rzeszow.pl\/index.php?rest_route=\/wp\/v2\/types\/page"}],"author":[{"embeddable":true,"href":"https:\/\/orient.rzeszow.pl\/index.php?rest_route=\/wp\/v2\/users\/3"}],"replies":[{"embeddable":true,"href":"https:\/\/orient.rzeszow.pl\/index.php?rest_route=%2Fwp%2Fv2%2Fcomments&post=956"}],"version-history":[{"count":0,"href":"https:\/\/orient.rzeszow.pl\/index.php?rest_route=\/wp\/v2\/pages\/956\/revisions"}],"up":[{"embeddable":true,"href":"https:\/\/orient.rzeszow.pl\/index.php?rest_route=\/wp\/v2\/pages\/358"}],"wp:attachment":[{"href":"https:\/\/orient.rzeszow.pl\/index.php?rest_route=%2Fwp%2Fv2%2Fmedia&parent=956"}],"curies":[{"name":"wp","href":"https:\/\/api.w.org\/{rel}","templated":true}]}}