{"id":92,"date":"2013-10-14T18:55:49","date_gmt":"2013-10-14T16:55:49","guid":{"rendered":"http:\/\/orient.rzeszow.pl\/?page_id=92"},"modified":"2014-03-21T13:57:24","modified_gmt":"2014-03-21T12:57:24","slug":"ocieplenia-budynku","status":"publish","type":"page","link":"https:\/\/orient.rzeszow.pl\/?page_id=92","title":{"rendered":"Ocieplenia stropodach\u00f3w"},"content":{"rendered":"<p><strong>Ocieplenia Stropodach\u00f3w<\/strong><br \/>\n<br \/>\n<iframe src=\"https:\/\/docs.google.com\/a\/tarendo.pl\/file\/d\/0B-JHjXiyWezZSW0xdFJNcWdWU1U\/preview\" height=\"385\" width=\"640\"><\/iframe><\/p>\n<p><\/p>\n<p dir=\"ltr\">Ocieplenie budowli metod\u0105 polegaj\u0105c\u0105 na wdmuchiwaniu w puste przestrzenie granulatu we\u0142ny mineralnej lub szklanej.<\/p>\n<p dir=\"ltr\">Posiadamy autoryzacj\u0119 uprawniaj\u0105c\u0105 do wykonywania tego typu rob\u00f3t zgodnie z punktem 7.3 APROBATY TECHNICZNEJ ITB AT-152558\/97<\/p>\n<p dir=\"ltr\">Zalety zastosowanego materia\u0142u i technologii wykonywanych rob\u00f3t:<\/p>\n<ul>\n<li>Niepalno\u015b\u0107 i nienasi\u0105kliwo\u015b\u0107 granulatu.<\/li>\n<li>Doskona\u0142e w\u0142a\u015bciwo\u015bci izolacyjne: lambda= 0,042 W\/m.<\/li>\n<li>Jedyna metoda docieplania stropodach\u00f3w wentylowanych, kt\u00f3re posiadaj\u0105 pokrycia dachowe w dobrym stanie.<\/li>\n<li>Granulat mo\u017cna wdmuchiwa\u0107 w szczeliny mi\u0119dzy\u015bcienne, mi\u0119dzystropowe, pod pod\u0142ogi lub lu\u017ano uk\u0142ada\u0107 na stropie.<\/li>\n<li>Metoda nie jest uci\u0105\u017cliwa dla mieszka\u0144c\u00f3w.<\/li>\n<li>Du\u017ca szybko\u015b\u0107 wykonania termoizolacji.<\/li>\n<li>Koszt konkurencyjny do innych metod ocieplenia.<\/li>\n<\/ul>\n<p style=\"text-align: center;\"><img loading=\"lazy\" class=\"size-medium wp-image-216 aligncenter\" alt=\"ociepl\" src=\"http:\/\/orient.rzeszow.pl\/wp-content\/uploads\/2013\/10\/ociepl-269x300.jpg\" width=\"269\" height=\"300\" srcset=\"https:\/\/orient.rzeszow.pl\/wp-content\/uploads\/2013\/10\/ociepl-269x300.jpg 269w, https:\/\/orient.rzeszow.pl\/wp-content\/uploads\/2013\/10\/ociepl.jpg 340w\" sizes=\"(max-width: 269px) 100vw, 269px\" \/><\/p>\n<p dir=\"ltr\">Metoda jest z powodzeniem stosowana od wielu lat w krajach Europy Zachodniej i w Stanach Zjednoczonych. Mo\u017cna z niej korzysta\u0107 przy wykonywaniu izolacji we wszystkich rodzajach budynk\u00f3w, zar\u00f3wno istniej\u0105cych, jak i nowowznoszonych, miedzy innymi w:<\/p>\n<ul>\n<li>budownictwie wielorodzinnym<\/li>\n<li>budownictwie przemys\u0142owym<\/li>\n<li>obiektach zabytkowych<\/li>\n<li>fermach drobiarskich<\/li>\n<li>obiektach u\u017cyteczno\u015bci publicznej<\/li>\n<\/ul>\n","protected":false},"excerpt":{"rendered":"<p>Ocieplenia Stropodach\u00f3w Ocieplenie budowli metod\u0105 polegaj\u0105c\u0105 na wdmuchiwaniu w puste przestrzenie granulatu we\u0142ny mineralnej lub szklanej. Posiadamy autoryzacj\u0119 uprawniaj\u0105c\u0105 do wykonywania tego typu rob\u00f3t zgodnie z punktem 7.3 APROBATY TECHNICZNEJ ITB AT-152558\/97 Zalety zastosowanego materia\u0142u i technologii wykonywanych rob\u00f3t: Niepalno\u015b\u0107 &hellip; <a href=\"https:\/\/orient.rzeszow.pl\/?page_id=92\"><\/a><\/p>\n","protected":false},"author":3,"featured_media":0,"parent":358,"menu_order":0,"comment_status":"closed","ping_status":"closed","template":"page-oferta.php","meta":{"ngg_post_thumbnail":0},"_links":{"self":[{"href":"https:\/\/orient.rzeszow.pl\/index.php?rest_route=\/wp\/v2\/pages\/92"}],"collection":[{"href":"https:\/\/orient.rzeszow.pl\/index.php?rest_route=\/wp\/v2\/pages"}],"about":[{"href":"https:\/\/orient.rzeszow.pl\/index.php?rest_route=\/wp\/v2\/types\/page"}],"author":[{"embeddable":true,"href":"https:\/\/orient.rzeszow.pl\/index.php?rest_route=\/wp\/v2\/users\/3"}],"replies":[{"embeddable":true,"href":"https:\/\/orient.rzeszow.pl\/index.php?rest_route=%2Fwp%2Fv2%2Fcomments&post=92"}],"version-history":[{"count":0,"href":"https:\/\/orient.rzeszow.pl\/index.php?rest_route=\/wp\/v2\/pages\/92\/revisions"}],"up":[{"embeddable":true,"href":"https:\/\/orient.rzeszow.pl\/index.php?rest_route=\/wp\/v2\/pages\/358"}],"wp:attachment":[{"href":"https:\/\/orient.rzeszow.pl\/index.php?rest_route=%2Fwp%2Fv2%2Fmedia&parent=92"}],"curies":[{"name":"wp","href":"https:\/\/api.w.org\/{rel}","templated":true}]}}