{"id":901,"date":"2014-03-19T21:53:10","date_gmt":"2014-03-19T20:53:10","guid":{"rendered":"http:\/\/orient.rzeszow.pl\/?page_id=901"},"modified":"2014-03-21T13:54:03","modified_gmt":"2014-03-21T12:54:03","slug":"montaz-hydroizolacji-poziomej-w-istniejacym-budynku","status":"publish","type":"page","link":"https:\/\/orient.rzeszow.pl\/?page_id=901","title":{"rendered":"Monta\u017c hydroizolacji poziomej w istniej\u0105cym budynku"},"content":{"rendered":"<p><iframe src=\"https:\/\/docs.google.com\/a\/tarendo.pl\/file\/d\/0BzjO5htVLd1PcXd6VDBTTl96UTQ\/preview\" width=\"640\" height=\"385\"><\/iframe><\/p>\n<p><\/p>\n<h2><span><b>Monta\u017c nowej hydroizolacji poziomej w istniej\u0105cym budynku<\/b><\/span><\/h2>\n<p>\n<span style=\"color: #ffffff;\">\u00a0<span style=\"font-family: Arial, sans-serif;\"><b>Do najcz\u0119stszych przyczyn zawilgocenia \u015bcian budynk\u00f3w nale\u017c\u0105:<\/b><\/span><\/span><\/p>\n<ul>\n<li><span style=\"font-family: Arial, sans-serif; color: #ffffff;\">Wady techniczne system\u00f3w odprowadzaj\u0105cych wody opadowe, bezpo\u015brednie dzia\u0142anie wody przez uszkodzone dachy czy rury spustowe,<\/span><\/li>\n<li><span style=\"font-family: Arial, sans-serif; color: #ffffff;\">Kondensacja pary wodnej w przegrodach budowlanych spowodowana dyfuzj\u0105, brak wentylacji, niew\u0142a\u015bciwy spos\u00f3b zastosowania beton\u00f3w i zapraw przy remontach i modernizacji,<\/span><\/li>\n<li><span style=\"font-family: Arial, sans-serif; color: #ffffff;\">Kapilarne podci\u0105ganie wody z gruntu przez zniszczon\u0105 \u017ale u\u0142o\u017con\u0105 izolacj\u0119 poziom\u0105 mur\u00f3w fundamentowych budynku lub jej brak.<\/span><\/li>\n<\/ul>\n<p><span style=\"font-family: Arial, sans-serif; color: #ffffff;\"><b>Dlaczego warto zdecydowa\u0107 si\u0119 na metod\u0119 PRINZ przy osuszaniu<\/b><\/span><\/p>\n<ul>\n<li><span style=\"font-family: Arial, sans-serif; color: #ffffff;\">Bezpo\u015brednio po wykonaniu us\u0142ugi uzyskujemy trwa\u0142e i natychmiastowe odci\u0119cie od wilgoci podci\u0105ganej kapilarnie.<\/span><\/li>\n<li><span style=\"font-family: Arial, sans-serif; color: #ffffff;\">Fachowe wykonanie us\u0142ugi gwarantuje 100% zabezpieczenie przed wilgoci\u0105 kapilarn\u0105, do ko\u0144ca trwa\u0142o\u015bci technicznej budynku.<\/span><\/li>\n<li><span style=\"font-family: Arial, sans-serif; color: #ffffff;\">Izolacja pozioma wykonana jest z grubych, masywnych p\u0142yt polietylenowych lub poliestrowych zbrojonych w\u0142\u00f3knem szklanym odpornych na uszkodzenia, zwi\u0105zki chemiczne wyst\u0119puj\u0105ce w murze oraz nieulegaj\u0105cych korozji.<\/span><\/li>\n<li><span style=\"font-family: Arial, sans-serif; color: #ffffff;\">Bez wzgl\u0119du na rodzaj materia\u0142u budowlanego i stopie\u0144 zawilgocenia \u015bcian budynku, w metodzie u\u017cywane s\u0105 te same materia\u0142y izolacyjne, zawsze ca\u0142kowicie zapobiegaj\u0105ce podci\u0105ganiu wilgoci.<\/span><\/li>\n<li><span style=\"font-family: Arial, sans-serif; color: #ffffff;\">Technologia PRINZ nie wp\u0142ywa na statyk\u0119 &#8211; osiadanie budowli. Odpowiednio dobrana pr\u0119dko\u015b\u0107 liniowa narz\u0119dzi tn\u0105cych oraz wolne posuwy ci\u0119cia nie powoduj\u0105 wi\u0119kszych drga\u0144 przy podcinaniu. Ci\u0119cie odcinkami metrowymi oraz odpowiednie klinowanie budynku ca\u0142kowicie zapobiega jego osiadaniu, nie wyst\u0119puje problem p\u0119kania mur\u00f3w. Metoda jest ca\u0142kowicie bezpieczna dla budynku. Wszelkie ubytki w murze uzupe\u0142niane s\u0105 wt\u0142aczan\u0105 pod ci\u015bnieniem 4-5 bar zapraw\u0105, ze \u015brodkami pomocniczymi powoduj\u0105cymi mi\u0119dzy innymi jej p\u0119cznienie przy zastyganiu.<\/span><\/li>\n<li><span style=\"font-family: Arial, sans-serif; color: #ffffff;\">W por\u00f3wnaniu z innymi sposobami osuszania: na skuteczno\u015b\u0107 metody nie maj\u0105 wp\u0142ywu takie czynniki jak zak\u0142\u00f3cenia elektromagnetyczne czy ewentualny brak zasilania; nie ma konieczno\u015bci p\u00f3\u017aniejszych bada\u0144 serwisowych oraz stanu zawilgocenia \u015bcian.<\/span><\/li>\n<li><span style=\"font-family: Arial, sans-serif; color: #ffffff;\">Szybkie i sprawne wykonanie us\u0142ugi &#8211; np. po\u0142o\u017cenie nowej izolacji poziomej w domu jednorodzinnym o wymiarach 10x10m, przy grubo\u015bci muru 0,5m (razem ok. 20m2 ) zajmuje ok. 3 dni robocze.<\/span><\/li>\n<li><span style=\"font-family: Arial, sans-serif; color: #ffffff;\">Sta\u0142y koszt wykonania us\u0142ugi obliczony na m2 izolowanej powierzchni muru, bez wzgl\u0119du na jego grubo\u015b\u0107 czy stopie\u0144 zawilgocenia budynku<\/span><\/li>\n<\/ul>\n","protected":false},"excerpt":{"rendered":"<p>Monta\u017c nowej hydroizolacji poziomej w istniej\u0105cym budynku \u00a0Do najcz\u0119stszych przyczyn zawilgocenia \u015bcian budynk\u00f3w nale\u017c\u0105: Wady techniczne system\u00f3w odprowadzaj\u0105cych wody opadowe, bezpo\u015brednie dzia\u0142anie wody przez uszkodzone dachy czy rury spustowe, Kondensacja pary wodnej w przegrodach budowlanych spowodowana dyfuzj\u0105, brak wentylacji, niew\u0142a\u015bciwy &hellip; <a href=\"https:\/\/orient.rzeszow.pl\/?page_id=901\"><\/a><\/p>\n","protected":false},"author":3,"featured_media":0,"parent":358,"menu_order":0,"comment_status":"closed","ping_status":"closed","template":"page-oferta.php","meta":{"ngg_post_thumbnail":0},"_links":{"self":[{"href":"https:\/\/orient.rzeszow.pl\/index.php?rest_route=\/wp\/v2\/pages\/901"}],"collection":[{"href":"https:\/\/orient.rzeszow.pl\/index.php?rest_route=\/wp\/v2\/pages"}],"about":[{"href":"https:\/\/orient.rzeszow.pl\/index.php?rest_route=\/wp\/v2\/types\/page"}],"author":[{"embeddable":true,"href":"https:\/\/orient.rzeszow.pl\/index.php?rest_route=\/wp\/v2\/users\/3"}],"replies":[{"embeddable":true,"href":"https:\/\/orient.rzeszow.pl\/index.php?rest_route=%2Fwp%2Fv2%2Fcomments&post=901"}],"version-history":[{"count":0,"href":"https:\/\/orient.rzeszow.pl\/index.php?rest_route=\/wp\/v2\/pages\/901\/revisions"}],"up":[{"embeddable":true,"href":"https:\/\/orient.rzeszow.pl\/index.php?rest_route=\/wp\/v2\/pages\/358"}],"wp:attachment":[{"href":"https:\/\/orient.rzeszow.pl\/index.php?rest_route=%2Fwp%2Fv2%2Fmedia&parent=901"}],"curies":[{"name":"wp","href":"https:\/\/api.w.org\/{rel}","templated":true}]}}