{"id":855,"date":"2014-02-18T20:27:34","date_gmt":"2014-02-18T19:27:34","guid":{"rendered":"http:\/\/orient.rzeszow.pl\/?page_id=855"},"modified":"2014-02-18T20:57:35","modified_gmt":"2014-02-18T19:57:35","slug":"kompleksowe-wykonawstwo-dachow-spadzistych","status":"publish","type":"page","link":"https:\/\/orient.rzeszow.pl\/?page_id=855","title":{"rendered":"Kompleksowe wykonawstwo dach\u00f3w spadzistych"},"content":{"rendered":"<p><b>Kompleksowe wykonawstwo dach\u00f3w spadzistych<\/b><\/p>\n<p>Oferujemy:<\/p>\n<ul>\n<li>Monta\u017cu <strong>wi\u0119\u017ab<\/strong> dachowych,<\/li>\n<li>Deskowanie, \u0142\u0105czenie, foliowanie<\/li>\n<li>Monta\u017cu obr\u00f3bek blacharskich i <strong>orynnowania<\/strong><\/li>\n<li>Monta\u017cu okien, wy\u0142az\u00f3w i \u015bwietlik\u00f3w dachowych<\/li>\n<li>Monta\u017cu <strong>podbitek<\/strong> dachowych<\/li>\n<li>Ocieplenia dach\u00f3w we\u0142n\u0105 lub styropianem<\/li>\n<\/ul>\n<p>Pokrycia:<\/p>\n<ul>\n<li>Dach\u00f3wk\u0105 <strong>ceramiczn\u0105<\/strong> lub <strong>betonow\u0105<\/strong>,<\/li>\n<li>Blach\u0105 <strong>dach\u00f3wkow\u0105<\/strong> lub <strong>trapezow\u0105<\/strong>,<\/li>\n<li><strong>Gontem<\/strong> bitumicznym<\/li>\n<\/ul>\n<p><center><br \/>\n\n\n\t<div class='ngg-imagebrowser'\n         id='ngg-imagebrowser-866-855'\n         data-nextgen-gallery-id=\"866\">\n\n        <h3>Dach Spadzisty<\/h3>\n\n        <div id=\"ngg-image-0\" class=\"pic\" >\n\n        <a href='https:\/\/orient.rzeszow.pl\/wp-content\/gallery\/dach_spadzisty\/dach_spadzisty.jpg'\n           title=' '\n           data-src=\"https:\/\/orient.rzeszow.pl\/wp-content\/gallery\/dach_spadzisty\/dach_spadzisty.jpg\"\n           data-thumbnail=\"https:\/\/orient.rzeszow.pl\/wp-content\/gallery\/dach_spadzisty\/thumbs\/thumbs_dach_spadzisty.jpg\"\n           data-image-id=\"7\"\n           data-title=\"Dach Spadzisty\"\n           data-description=\" \"\n           class=\"ngg-fancybox\" rel=\"866\">\n            <img title='Dach Spadzisty'\n                 alt='Dach Spadzisty'\n                 src='https:\/\/orient.rzeszow.pl\/wp-content\/gallery\/dach_spadzisty\/dach_spadzisty.jpg'\/>\n        <\/a>\n\n        <\/div> \n\n        <div class='ngg-imagebrowser-nav'>\n\n            <div class='back'>\n                <a class='ngg-browser-prev'\n                   id='ngg-prev-7'\n                   href='https:\/\/orient.rzeszow.pl\/index.php\/nggallery\/image\/dach-spadzisty?page_id=855'>\n                    &#9668; Wstecz                <\/a>\n            <\/div>\n\n            <div class='next'>\n                <a class='ngg-browser-next'\n                   id='ngg-next-7'\n                   href='https:\/\/orient.rzeszow.pl\/index.php\/nggallery\/image\/dach-spadzisty?page_id=855'>\n                    Nast\u0119pny                    &#9658;\n                <\/a>\n            <\/div>\n\n            <div class='counter'>\n                Obraz                1                z                1            <\/div>\n\n            <div class='ngg-imagebrowser-desc'>\n                <p> <\/p>\n            <\/div>\n\n        <\/div>\n    <\/div>\n\n<\/center>&nbsp;<\/p>\n","protected":false},"excerpt":{"rendered":"<p>Kompleksowe wykonawstwo dach\u00f3w spadzistych Oferujemy: Monta\u017cu wi\u0119\u017ab dachowych, Deskowanie, \u0142\u0105czenie, foliowanie Monta\u017cu obr\u00f3bek blacharskich i orynnowania Monta\u017cu okien, wy\u0142az\u00f3w i \u015bwietlik\u00f3w dachowych Monta\u017cu podbitek dachowych Ocieplenia dach\u00f3w we\u0142n\u0105 lub styropianem Pokrycia: Dach\u00f3wk\u0105 ceramiczn\u0105 lub betonow\u0105, Blach\u0105 dach\u00f3wkow\u0105 lub trapezow\u0105, Gontem &hellip; <a href=\"https:\/\/orient.rzeszow.pl\/?page_id=855\"><\/a><\/p>\n","protected":false},"author":3,"featured_media":0,"parent":358,"menu_order":0,"comment_status":"closed","ping_status":"closed","template":"page-oferta.php","meta":{"ngg_post_thumbnail":0},"_links":{"self":[{"href":"https:\/\/orient.rzeszow.pl\/index.php?rest_route=\/wp\/v2\/pages\/855"}],"collection":[{"href":"https:\/\/orient.rzeszow.pl\/index.php?rest_route=\/wp\/v2\/pages"}],"about":[{"href":"https:\/\/orient.rzeszow.pl\/index.php?rest_route=\/wp\/v2\/types\/page"}],"author":[{"embeddable":true,"href":"https:\/\/orient.rzeszow.pl\/index.php?rest_route=\/wp\/v2\/users\/3"}],"replies":[{"embeddable":true,"href":"https:\/\/orient.rzeszow.pl\/index.php?rest_route=%2Fwp%2Fv2%2Fcomments&post=855"}],"version-history":[{"count":0,"href":"https:\/\/orient.rzeszow.pl\/index.php?rest_route=\/wp\/v2\/pages\/855\/revisions"}],"up":[{"embeddable":true,"href":"https:\/\/orient.rzeszow.pl\/index.php?rest_route=\/wp\/v2\/pages\/358"}],"wp:attachment":[{"href":"https:\/\/orient.rzeszow.pl\/index.php?rest_route=%2Fwp%2Fv2%2Fmedia&parent=855"}],"curies":[{"name":"wp","href":"https:\/\/api.w.org\/{rel}","templated":true}]}}