{"id":42,"date":"2013-10-13T19:40:24","date_gmt":"2013-10-13T17:40:24","guid":{"rendered":"http:\/\/orient.rzeszow.pl\/?page_id=42"},"modified":"2013-11-05T14:16:54","modified_gmt":"2013-11-05T13:16:54","slug":"realizacje","status":"publish","type":"page","link":"https:\/\/orient.rzeszow.pl\/?page_id=42","title":{"rendered":"Realizacje"},"content":{"rendered":"<p><strong>POTWIERDZENIEM JAKO\u015aCI NASZYCH US\u0141UG S\u0104 NASZE DACHY ( m.in ):<\/strong><\/p>\n<ul>\n<li>RZESZOWSKA SP\u00d3\u0141DZ. MIESZK. &#8211; 4200 m2<\/li>\n<li>SANOCKA SP\u00d3\u0141DZIELNIA MIESZK. &#8211; 19000 m2<\/li>\n<li>AUTO-SERVICE STRZY\u017b\u00d3W &#8211; 1480 m2<\/li>\n<li>P.P.P.ZBO\u017bOWO-M\u0141YN &#8220;PZZ&#8221; RZESZ\u00d3W &#8211; 3300 m2<\/li>\n<li>M.Z.B.M. w RZESZOWIE &#8211; 1950 m2<\/li>\n<li>F.H. &#8220;GIEWONT&#8221; w RZESZOWIE &#8211; 1800 m2<\/li>\n<li>SZKO\u0141A PODST. NR 9 W SANOKU &#8211; 700 m2<\/li>\n<li>I LO w SANOKU &#8211; 1200 m2<\/li>\n<li>SZKO\u0141A PODST. NR 28 RZESZ\u00d3W &#8211; 350 m2<\/li>\n<li>S.M.H. &#8220;RESPAN w RZESZOWIE &#8211; 7800 m2<\/li>\n<li>BOZ S.C. w RZESZOWIE &#8211; 4900 m2<\/li>\n<li>SALON FIAT AUTO POLAND w RZESZOWIE- 4400 m2<\/li>\n<li>&#8220;HORTEX&#8221; w RZESZOWIE &#8211; 600 m2<\/li>\n<li>SALON \u0141ADY w RZESZOWIE &#8211; 2500 m2<\/li>\n<li>URZ\u0104D MIASTA RZESZOWA &#8211; 800 m2<\/li>\n<li>POLITECHNIKA RZESZOWSKA &#8211; 9800 m2<\/li>\n<li>RZESZOWSKI ZAK\u0141AD ENERGETYCZNY \u2013 4000 m2<\/li>\n<li>&#8220;ATW&#8221; SP. Z O.O.- 31000 m2<\/li>\n<li>CHEMA ELEKTROMET RZESZ\u00d3W \u2013 2300 m2<\/li>\n<li>SZKO\u0141A PODSTAWOWA NR 1 w RZESZOWIE \u2013 950 m2<\/li>\n<li>SZKO\u0141A ROLNICZA w WYSOKIEJ \u0141A\u0143CUCKIEJ \u2013 900 m2<\/li>\n<li>\u201eMERKURY\u201d MARKET W RZESZOWIE \u2013 3000 M2<\/li>\n<li>CENTRUM HANDLOWE \u201eREJTAN\u201d W RZESZOWIE \u2013 1600 m2<\/li>\n<li>CENTRUM HANDLOWE \u201eREDUTA\u201d W RZESZOWIE \u2013 2800 m2<\/li>\n<li>KOMENDA POLICJI W GORLICACH \u2013 580 m2<\/li>\n<li>&#8220;KORONKI&#8221; BRZOZ\u00d3W &#8211; 4500M2<\/li>\n<li>SP\u00d3\u0141. MIESZK. &#8220;\u015aR\u00d3DMIE\u015aCIE&#8221; SANOK &#8211; 6500 m2<\/li>\n<li>SP\u00d3\u0141. MIESZK. &#8220;NAFTOWIEC&#8221; SANOK &#8211; 500 m2<\/li>\n<li>PODKARPACKI BANK SP\u00d3\u0141DZIELCZY SANOK &#8211; 900 m2<\/li>\n<li>HURTOWNIA &#8220;MI\u015a&#8221; KROSNO &#8211; 1600 m2<\/li>\n<li>ZAK\u0141ADY CERAMIKI &#8220;KUPNO&#8221; 900 m2<\/li>\n<li>ZPiN&#8221;ZAS\u0141AW&#8221; 7000 m2<\/li>\n<li>ZUT ZAG\u00d3RZ 1100 m2<\/li>\n<li>FIRMA &#8220;CENTURION R&#8221; SANOK- 1900 m2<\/li>\n<li>PRZEDSI\u0118BIORSTWO &#8220;RUCH&#8221; RZESZ\u00d3W &#8211; 900 m2<\/li>\n<li>AUTOSAN SANOK &#8211; 8000m2<\/li>\n<li>STOMIL SANOK &#8211; 4500 m2<\/li>\n<li>S\u0118DZISZ\u00d3W M\u0141P. &#8211; FABRYKA MEBLI &#8211; 3300 m2<\/li>\n<li>AUCHAN KATOWICE &#8211; 11000 m2<\/li>\n<li>STRZY\u017b\u00d3W- KOMPLEKS HANDLOWY &#8211; 2800 m2<\/li>\n<li>STACJA BENZYNOWA&#8221;SKORPION&#8221; KROSNO &#8211; 1800 m2<\/li>\n<\/ul>\n<table border=\"0\">\n<tbody>\n<tr>\n<td><a href=\"http:\/\/orient.rzeszow.pl\/wp-content\/uploads\/2013\/10\/DSC00937.jpg\"><img loading=\"lazy\" class=\"alignnone  wp-image-115\" alt=\"DSC00937\" src=\"http:\/\/orient.rzeszow.pl\/wp-content\/uploads\/2013\/10\/DSC00937-300x199.jpg\" width=\"300\" height=\"199\" srcset=\"https:\/\/orient.rzeszow.pl\/wp-content\/uploads\/2013\/10\/DSC00937-300x199.jpg 300w, https:\/\/orient.rzeszow.pl\/wp-content\/uploads\/2013\/10\/DSC00937-1024x682.jpg 1024w\" sizes=\"(max-width: 300px) 100vw, 300px\" \/><\/a><\/td>\n<td><a href=\"http:\/\/orient.rzeszow.pl\/wp-content\/uploads\/2013\/10\/Sad-Apelacyjny-1.jpg\"><img loading=\"lazy\" class=\" wp-image-837 alignnone\" alt=\"Sad-Apelacyjny-1\" src=\"http:\/\/orient.rzeszow.pl\/wp-content\/uploads\/2013\/10\/Sad-Apelacyjny-1-300x199.jpg\" width=\"300\" height=\"199\" srcset=\"https:\/\/orient.rzeszow.pl\/wp-content\/uploads\/2013\/10\/Sad-Apelacyjny-1-300x199.jpg 300w, https:\/\/orient.rzeszow.pl\/wp-content\/uploads\/2013\/10\/Sad-Apelacyjny-1-1024x681.jpg 1024w\" sizes=\"(max-width: 300px) 100vw, 300px\" \/><\/a><\/td>\n<\/tr>\n<tr>\n<td><a href=\"http:\/\/orient.rzeszow.pl\/wp-content\/uploads\/2013\/10\/Scan.jpg\"><img loading=\"lazy\" class=\"size-medium wp-image-117 alignnone\" alt=\"Scan\" src=\"http:\/\/orient.rzeszow.pl\/wp-content\/uploads\/2013\/10\/Scan-300x200.jpg\" width=\"300\" height=\"200\" srcset=\"https:\/\/orient.rzeszow.pl\/wp-content\/uploads\/2013\/10\/Scan-300x200.jpg 300w, https:\/\/orient.rzeszow.pl\/wp-content\/uploads\/2013\/10\/Scan-1024x683.jpg 1024w, https:\/\/orient.rzeszow.pl\/wp-content\/uploads\/2013\/10\/Scan.jpg 1600w\" sizes=\"(max-width: 300px) 100vw, 300px\" \/>\u00a0<\/a><\/td>\n<td><a href=\"http:\/\/orient.rzeszow.pl\/wp-content\/uploads\/2013\/10\/ATW.jpg\"><img loading=\"lazy\" class=\"size-medium wp-image-629 alignnone\" alt=\"ATW\" src=\"http:\/\/orient.rzeszow.pl\/wp-content\/uploads\/2013\/10\/ATW-300x200.jpg\" width=\"300\" height=\"200\" srcset=\"https:\/\/orient.rzeszow.pl\/wp-content\/uploads\/2013\/10\/ATW-300x200.jpg 300w, https:\/\/orient.rzeszow.pl\/wp-content\/uploads\/2013\/10\/ATW-1024x682.jpg 1024w\" sizes=\"(max-width: 300px) 100vw, 300px\" \/><\/a><\/td>\n<\/tr>\n<\/tbody>\n<\/table>\n","protected":false},"excerpt":{"rendered":"<p>POTWIERDZENIEM JAKO\u015aCI NASZYCH US\u0141UG S\u0104 NASZE DACHY ( m.in ): RZESZOWSKA SP\u00d3\u0141DZ. MIESZK. &#8211; 4200 m2 SANOCKA SP\u00d3\u0141DZIELNIA MIESZK. &#8211; 19000 m2 AUTO-SERVICE STRZY\u017b\u00d3W &#8211; 1480 m2 P.P.P.ZBO\u017bOWO-M\u0141YN &#8220;PZZ&#8221; RZESZ\u00d3W &#8211; 3300 m2 M.Z.B.M. w RZESZOWIE &#8211; 1950 m2 F.H. &hellip; <a href=\"https:\/\/orient.rzeszow.pl\/?page_id=42\"><\/a><\/p>\n","protected":false},"author":3,"featured_media":0,"parent":0,"menu_order":6,"comment_status":"closed","ping_status":"closed","template":"","meta":{"ngg_post_thumbnail":0},"_links":{"self":[{"href":"https:\/\/orient.rzeszow.pl\/index.php?rest_route=\/wp\/v2\/pages\/42"}],"collection":[{"href":"https:\/\/orient.rzeszow.pl\/index.php?rest_route=\/wp\/v2\/pages"}],"about":[{"href":"https:\/\/orient.rzeszow.pl\/index.php?rest_route=\/wp\/v2\/types\/page"}],"author":[{"embeddable":true,"href":"https:\/\/orient.rzeszow.pl\/index.php?rest_route=\/wp\/v2\/users\/3"}],"replies":[{"embeddable":true,"href":"https:\/\/orient.rzeszow.pl\/index.php?rest_route=%2Fwp%2Fv2%2Fcomments&post=42"}],"version-history":[{"count":0,"href":"https:\/\/orient.rzeszow.pl\/index.php?rest_route=\/wp\/v2\/pages\/42\/revisions"}],"wp:attachment":[{"href":"https:\/\/orient.rzeszow.pl\/index.php?rest_route=%2Fwp%2Fv2%2Fmedia&parent=42"}],"curies":[{"name":"wp","href":"https:\/\/api.w.org\/{rel}","templated":true}]}}