{"id":34,"date":"2013-10-13T19:38:35","date_gmt":"2013-10-13T17:38:35","guid":{"rendered":"http:\/\/orient.rzeszow.pl\/?page_id=34"},"modified":"2021-04-24T17:43:06","modified_gmt":"2021-04-24T15:43:06","slug":"o-nas","status":"publish","type":"page","link":"https:\/\/orient.rzeszow.pl\/?page_id=34","title":{"rendered":"O nas"},"content":{"rendered":"<p>WITAMY<\/p>\n<p>Cieszymy si\u0119, \u017ce mo\u017cemy przedstawi\u0107 Pa\u0144stwu nasz\u0105 firm\u0119 i zaprezentowa\u0107 dotychczasowe osi\u0105gni\u0119cia.<br \/>\nLata do\u015bwiadcze\u0144 pozwoli\u0142y pozna\u0107 potrzeby naszych Klient\u00f3w i dostosowa\u0107 nasze us\u0142ugi do ich potrzeb oraz stawianych przed nami zada\u0144.<br \/>\nDzi\u0119ki otwarto\u015bci na dialog z Klientem, uda\u0142o nam si\u0119 osi\u0105gn\u0105\u0107 najwy\u017cszy poziom oferowanych us\u0142ug.<br \/>\nORIENT Sp. z o.o. jest kontynuacj\u0105 Firmy \u201eORIENT\u201d J.WITEK S.PROSZAK SP\u00d3\u0141KA JAWNA zadebiutowa\u0142a w 1991 roku na rynku budowlanym jako \u201eORIENT\u201d S.C.<br \/>\nod roku 2002 funkcjonujemy jako sp\u00f3\u0142ka jawna, zarejestrowana w S\u0105dzie Rejonowym<br \/>\nw Rzeszowie.<\/p>\n<p>W obecnej chwili jeste\u015bmy najpr\u0119\u017cniej dzia\u0142aj\u0105c\u0105 firm\u0105 dekarsk\u0105, specjalizuj\u0105c\u0105 si\u0119<br \/>\nw dachach p\u0142askich na terenie polski po\u0142udniowo &#8211; wschodniej, czego potwierdzeniem jest ilo\u015b\u0107 i jako\u015b\u0107 wykonywanych przez nas projekt\u00f3w.<\/p>\n<p>Cechuje nas przede wszystkim PROFESJONALIZM, FACHOWI\u015a\u0106, SUMIENNO\u015a\u0106, przez co zyskali\u015bmy sobie przychylno\u015b\u0107 i uznanie naszych klient\u00f3w i kooperant\u00f3w.<\/p>\n<p>Firma &#8220;ORIENT&#8221; posiada wiele certyfikat\u00f3w i nagr\u00f3d potwierdzajacych nasz profesjonalizm.<br \/>\nZosta\u0142y one przyznane przez najbardziej licz\u0105ce sie firmy produkuj\u0105ce materia\u0142y dekarskie, jak i zajmuj\u0105ce sie tematyk\u0105 dekarsk\u0105 w kraju i ca\u0142ej Europie.<br \/>\nZadowolenie klienta jest naszym priorytetem.<\/p>\n<p>Lecz nie sam\u0105 prac\u0105 firma \u017cyje.<br \/>\nPrac\u0119 w bran\u017cy budowlanej cechuje pewna sezonowo\u015b\u0107 dlatego te\u017c jeste\u015bmy zmuszeni sp\u0119dza\u0107 urlopy\u00a0w sezonie zimowym.<br \/>\nRzeczywisto\u015b\u0107 ta mi\u0119dzy innymi spowodowa\u0142a, \u017ce nasz\u0105 pasj\u0105 jest turystyka.<a href=\"http:\/\/orient.rzeszow.pl\/wp-content\/uploads\/2013\/10\/Gory.jpg\"><img loading=\"lazy\" class=\"alignnone  wp-image-816\" src=\"http:\/\/orient.rzeszow.pl\/wp-content\/uploads\/2013\/10\/Gory-300x209.jpg\" alt=\"Gory\" width=\"300\" height=\"211\" \/><\/a> <a href=\"http:\/\/orient.rzeszow.pl\/wp-content\/uploads\/2013\/10\/spotkanie-z-jaszczurka.jpg\"><img loading=\"lazy\" class=\"alignnone size-medium wp-image-817\" src=\"http:\/\/orient.rzeszow.pl\/wp-content\/uploads\/2013\/10\/spotkanie-z-jaszczurka-300x211.jpg\" alt=\"spotkanie-z-jaszczurka\" width=\"300\" height=\"211\" srcset=\"https:\/\/orient.rzeszow.pl\/wp-content\/uploads\/2013\/10\/spotkanie-z-jaszczurka-300x211.jpg 300w, https:\/\/orient.rzeszow.pl\/wp-content\/uploads\/2013\/10\/spotkanie-z-jaszczurka-1024x722.jpg 1024w\" sizes=\"(max-width: 300px) 100vw, 300px\" \/><\/a><\/p>\n","protected":false},"excerpt":{"rendered":"<p>WITAMY Cieszymy si\u0119, \u017ce mo\u017cemy przedstawi\u0107 Pa\u0144stwu nasz\u0105 firm\u0119 i zaprezentowa\u0107 dotychczasowe osi\u0105gni\u0119cia. Lata do\u015bwiadcze\u0144 pozwoli\u0142y pozna\u0107 potrzeby naszych Klient\u00f3w i dostosowa\u0107 nasze us\u0142ugi do ich potrzeb oraz stawianych przed nami zada\u0144. Dzi\u0119ki otwarto\u015bci na dialog z Klientem, uda\u0142o nam &hellip; <a href=\"https:\/\/orient.rzeszow.pl\/?page_id=34\"><\/a><\/p>\n","protected":false},"author":3,"featured_media":0,"parent":0,"menu_order":2,"comment_status":"closed","ping_status":"closed","template":"","meta":{"ngg_post_thumbnail":0},"_links":{"self":[{"href":"https:\/\/orient.rzeszow.pl\/index.php?rest_route=\/wp\/v2\/pages\/34"}],"collection":[{"href":"https:\/\/orient.rzeszow.pl\/index.php?rest_route=\/wp\/v2\/pages"}],"about":[{"href":"https:\/\/orient.rzeszow.pl\/index.php?rest_route=\/wp\/v2\/types\/page"}],"author":[{"embeddable":true,"href":"https:\/\/orient.rzeszow.pl\/index.php?rest_route=\/wp\/v2\/users\/3"}],"replies":[{"embeddable":true,"href":"https:\/\/orient.rzeszow.pl\/index.php?rest_route=%2Fwp%2Fv2%2Fcomments&post=34"}],"version-history":[{"count":1,"href":"https:\/\/orient.rzeszow.pl\/index.php?rest_route=\/wp\/v2\/pages\/34\/revisions"}],"predecessor-version":[{"id":1018,"href":"https:\/\/orient.rzeszow.pl\/index.php?rest_route=\/wp\/v2\/pages\/34\/revisions\/1018"}],"wp:attachment":[{"href":"https:\/\/orient.rzeszow.pl\/index.php?rest_route=%2Fwp%2Fv2%2Fmedia&parent=34"}],"curies":[{"name":"wp","href":"https:\/\/api.w.org\/{rel}","templated":true}]}}