{"id":32,"date":"2013-10-13T19:37:32","date_gmt":"2013-10-13T17:37:32","guid":{"rendered":"http:\/\/orient.rzeszow.pl\/?page_id=32"},"modified":"2021-04-24T17:37:43","modified_gmt":"2021-04-24T15:37:43","slug":"witaj-na-naszej-stronie","status":"publish","type":"page","link":"https:\/\/orient.rzeszow.pl\/","title":{"rendered":"Witaj na naszej stronie"},"content":{"rendered":"<div>\n<p>Szanowni Pa\u0144stwo!<\/p>\n<\/div>\n<div>\n<p>Witamy na stronie internetowej firmy ORIENT Sp. z o.o. w Rzeszowie.<\/p>\n<\/div>\n<div>\n<p>Mamy nadziej\u0119, \u017ce informacje na niej zawarte pozwol\u0105 Pa\u0144stwu na pe\u0142ne zapoznanie si\u0119 z nasz\u0105 ofert\u0105.<\/p>\n<\/div>\n<div>\n<p>W razie jakichkolwiek pyta\u0144 prosimy o kontakt.<\/p>\n<\/div>\n<div>\n<p><strong>\u017badne pytanie z Pa\u0144stwa strony nie pozostanie bez odpowiedzi!<\/strong><\/p>\n<\/div>\n","protected":false},"excerpt":{"rendered":"<p>Szanowni Pa\u0144stwo! Witamy na stronie internetowej firmy ORIENT Sp. z o.o. w Rzeszowie. Mamy nadziej\u0119, \u017ce informacje na niej zawarte pozwol\u0105 Pa\u0144stwu na pe\u0142ne zapoznanie si\u0119 z nasz\u0105 ofert\u0105. W razie jakichkolwiek pyta\u0144 prosimy o kontakt. \u017badne pytanie z Pa\u0144stwa &hellip; <a href=\"https:\/\/orient.rzeszow.pl\/\"><\/a><\/p>\n","protected":false},"author":3,"featured_media":1015,"parent":0,"menu_order":0,"comment_status":"closed","ping_status":"closed","template":"page-home.php","meta":{"ngg_post_thumbnail":0},"_links":{"self":[{"href":"https:\/\/orient.rzeszow.pl\/index.php?rest_route=\/wp\/v2\/pages\/32"}],"collection":[{"href":"https:\/\/orient.rzeszow.pl\/index.php?rest_route=\/wp\/v2\/pages"}],"about":[{"href":"https:\/\/orient.rzeszow.pl\/index.php?rest_route=\/wp\/v2\/types\/page"}],"author":[{"embeddable":true,"href":"https:\/\/orient.rzeszow.pl\/index.php?rest_route=\/wp\/v2\/users\/3"}],"replies":[{"embeddable":true,"href":"https:\/\/orient.rzeszow.pl\/index.php?rest_route=%2Fwp%2Fv2%2Fcomments&post=32"}],"version-history":[{"count":1,"href":"https:\/\/orient.rzeszow.pl\/index.php?rest_route=\/wp\/v2\/pages\/32\/revisions"}],"predecessor-version":[{"id":1016,"href":"https:\/\/orient.rzeszow.pl\/index.php?rest_route=\/wp\/v2\/pages\/32\/revisions\/1016"}],"wp:featuredmedia":[{"embeddable":true,"href":"https:\/\/orient.rzeszow.pl\/index.php?rest_route=\/wp\/v2\/media\/1015"}],"wp:attachment":[{"href":"https:\/\/orient.rzeszow.pl\/index.php?rest_route=%2Fwp%2Fv2%2Fmedia&parent=32"}],"curies":[{"name":"wp","href":"https:\/\/api.w.org\/{rel}","templated":true}]}}