{"id":17,"date":"2013-09-15T13:16:01","date_gmt":"2013-09-15T11:16:01","guid":{"rendered":"http:\/\/orient.rzeszow.pl\/?page_id=17"},"modified":"2013-10-25T16:44:57","modified_gmt":"2013-10-25T14:44:57","slug":"polityka-prywatnosci","status":"publish","type":"page","link":"https:\/\/orient.rzeszow.pl\/?page_id=17","title":{"rendered":"Polityka prywatno\u015bci"},"content":{"rendered":"<h1 dir=\"ltr\">Polityka prywatno\u015bci serwisu tarendo.pl<\/h1>\n<h3 dir=\"ltr\">1. Informacje og\u00f3lne.<\/h3>\n<ol>\n<li dir=\"ltr\">\n<p dir=\"ltr\">Operatorem Serwisu www.orient.rzeszow.pl\u00a0jest Firma &#8220;Orient&#8221; J.Witek S.Proszak Sp.j.<\/p>\n<\/li>\n<li dir=\"ltr\">\n<p dir=\"ltr\">Serwis realizuje funkcje pozyskiwania informacji o u\u017cytkownikach i ich zachowaniu w nast\u0119puj\u0105cy spos\u00f3b:<\/p>\n<ol>\n<li dir=\"ltr\">\n<p dir=\"ltr\">Poprzez dobrowolnie wprowadzone w formularzach informacje.<\/p>\n<\/li>\n<li dir=\"ltr\">\n<p dir=\"ltr\">Poprzez zapisywanie w urz\u0105dzeniach ko\u0144cowych pliki cookie (tzw. &#8220;ciasteczka&#8221;) zgodnie z ustawieniami przegl\u0105darki internetowej<\/p>\n<\/li>\n<li dir=\"ltr\">\n<p dir=\"ltr\">Poprzez narz\u0119dzie Google Analytics zgodnie z polityk\u0105 dost\u0119pn\u0105 na stronie:<a href=\"http:\/\/www.google.pl\/intl\/pl\/analytics\/privacyoverview.html\">http:\/\/www.google.pl\/intl\/pl\/analytics\/privacyoverview.html<\/a><\/p>\n<\/li>\n<li dir=\"ltr\">\n<p dir=\"ltr\">Poprzez gromadzenie log\u00f3w systemu WorldPress<\/p>\n<\/li>\n<li dir=\"ltr\">\n<p dir=\"ltr\">Poprzez gromadzenie log\u00f3w serwera www przez operatora hostingowego VIBIZNES Pawe\u0142 Jarosz, funkcjonuj\u0105cego pod adresem\u00a0<a href=\"http:\/\/vipower.pl\/\">http:\/\/vipower.pl\/<\/a><\/p>\n<\/li>\n<\/ol>\n<\/li>\n<\/ol>\n<h3 dir=\"ltr\">2. Informacje w formularzach.<\/h3>\n<ol>\n<li dir=\"ltr\">\n<p dir=\"ltr\">Serwis zbiera informacje podane dobrowolnie przez u\u017cytkownika.<\/p>\n<\/li>\n<li dir=\"ltr\">\n<p dir=\"ltr\">Serwis mo\u017ce zapisa\u0107 ponadto informacje o parametrach po\u0142\u0105czenia (oznaczenie czasu, adres IP)<\/p>\n<\/li>\n<li dir=\"ltr\">\n<p dir=\"ltr\">Dane w formularzu nie s\u0105 udost\u0119pniane podmiotom trzecim inaczej, ni\u017c za zgod\u0105 u\u017cytkownika.<\/p>\n<\/li>\n<li dir=\"ltr\">\n<p dir=\"ltr\">Dane podane w formularzu s\u0105 przetwarzane w celu wynikaj\u0105cym z funkcji konkretnego formularza, np w celu dokonania procesu obs\u0142ugi zg\u0142oszenia serwisowego lub kontaktu handlowego.<\/p>\n<\/li>\n<li dir=\"ltr\">\n<p dir=\"ltr\">Dane podane w formularzach mog\u0105 by\u0107 przekazane podmiotom technicznie realizuj\u0105cym niekt\u00f3re us\u0142ugi \u2013 w szczeg\u00f3lno\u015bci dotyczy to przekazywania informacji o posiadaczu rejestrowanej domeny do podmiot\u00f3w b\u0119d\u0105cych operatorami domen internetowych (przede wszystkim Naukowa i Akademicka Sie\u0107 Komputerowa j.b.r \u2013 NASK), serwis\u00f3w obs\u0142uguj\u0105cych p\u0142atno\u015bci lub te\u017c innych podmiot\u00f3w, z kt\u00f3rymi Operator Serwisu w tym zakresie wsp\u00f3\u0142pracuje.<\/p>\n<\/li>\n<\/ol>\n<h3 dir=\"ltr\">3. Informacja o plikach cookies.<\/h3>\n<ol>\n<li dir=\"ltr\">\n<p dir=\"ltr\">Serwis korzysta z plik\u00f3w cookies.<\/p>\n<\/li>\n<li dir=\"ltr\">\n<p dir=\"ltr\">Pliki cookies (tzw. \u201eciasteczka\u201d) stanowi\u0105 dane informatyczne, w szczeg\u00f3lno\u015bci pliki tekstowe, kt\u00f3re przechowywane s\u0105 w urz\u0105dzeniu ko\u0144cowym U\u017cytkownika Serwisu i przeznaczone s\u0105 do korzystania ze stron internetowych Serwisu. Cookies zazwyczaj zawieraj\u0105 nazw\u0119 strony internetowej, z kt\u00f3rej pochodz\u0105, czas przechowywania ich na urz\u0105dzeniu ko\u0144cowym oraz unikalny numer.<\/p>\n<\/li>\n<li dir=\"ltr\">\n<p dir=\"ltr\">Podmiotem zamieszczaj\u0105cym na urz\u0105dzeniu ko\u0144cowym U\u017cytkownika Serwisu pliki cookies oraz uzyskuj\u0105cym do nich dost\u0119p jest operator Serwisu.<\/p>\n<\/li>\n<li dir=\"ltr\">\n<p dir=\"ltr\">Pliki cookies wykorzystywane s\u0105 w nast\u0119puj\u0105cych celach:<\/p>\n<ol>\n<li dir=\"ltr\">\n<p dir=\"ltr\">tworzenia statystyk, kt\u00f3re pomagaj\u0105 zrozumie\u0107, w jaki spos\u00f3b U\u017cytkownicy Serwisu korzystaj\u0105 ze stron internetowych, co umo\u017cliwia ulepszanie ich struktury i zawarto\u015bci;<\/p>\n<\/li>\n<li dir=\"ltr\">\n<p dir=\"ltr\">utrzymanie sesji U\u017cytkownika Serwisu (po zalogowaniu), dzi\u0119ki kt\u00f3rej U\u017cytkownik nie musi na ka\u017cdej podstronie Serwisu ponownie wpisywa\u0107 loginu i has\u0142a;<\/p>\n<\/li>\n<li dir=\"ltr\">\n<p dir=\"ltr\">okre\u015blania profilu u\u017cytkownika w celu wy\u015bwietlania mu dopasowanych materia\u0142\u00f3w w sieciach reklamowych, w szczeg\u00f3lno\u015bci sieci Google.<\/p>\n<\/li>\n<\/ol>\n<\/li>\n<li dir=\"ltr\">\n<p dir=\"ltr\">W ramach Serwisu stosowane s\u0105 dwa zasadnicze rodzaje plik\u00f3w cookies: \u201esesyjne\u201d (session cookies) oraz \u201esta\u0142e\u201d (persistent cookies). Cookies \u201esesyjne\u201d s\u0105 plikami tymczasowymi, kt\u00f3re przechowywane s\u0105 w urz\u0105dzeniu ko\u0144cowym U\u017cytkownika do czasu wylogowania, opuszczenia strony internetowej lub wy\u0142\u0105czenia oprogramowania (przegl\u0105darki internetowej). \u201eSta\u0142e\u201d pliki cookies przechowywane s\u0105 w urz\u0105dzeniu ko\u0144cowym U\u017cytkownika przez czas okre\u015blony w parametrach plik\u00f3w cookies lub do czasu ich usuni\u0119cia przez U\u017cytkownika.<\/p>\n<\/li>\n<li dir=\"ltr\">\n<p dir=\"ltr\">Oprogramowanie do przegl\u0105dania stron internetowych (przegl\u0105darka internetowa) zazwyczaj domy\u015blnie dopuszcza przechowywanie plik\u00f3w cookies w urz\u0105dzeniu ko\u0144cowym U\u017cytkownika. U\u017cytkownicy Serwisu mog\u0105 dokona\u0107 zmiany ustawie\u0144 w tym zakresie. Przegl\u0105darka internetowa umo\u017cliwia usuni\u0119cie plik\u00f3w cookies. Mo\u017cliwe jest tak\u017ce automatyczne blokowanie plik\u00f3w cookies Szczeg\u00f3\u0142owe informacje na ten temat zawiera pomoc lub dokumentacja przegl\u0105darki internetowej.<\/p>\n<\/li>\n<li dir=\"ltr\">\n<p dir=\"ltr\">Ograniczenia stosowania plik\u00f3w cookies mog\u0105 wp\u0142yn\u0105\u0107 na niekt\u00f3re funkcjonalno\u015bci dost\u0119pne na stronach internetowych Serwisu.<\/p>\n<\/li>\n<li dir=\"ltr\">\n<p dir=\"ltr\">Pliki cookies zamieszczane w urz\u0105dzeniu ko\u0144cowym U\u017cytkownika Serwisu i wykorzystywane mog\u0105 by\u0107 r\u00f3wnie\u017c przez wsp\u00f3\u0142pracuj\u0105cych z operatorem Serwisu reklamodawc\u00f3w oraz partner\u00f3w.<\/p>\n<\/li>\n<li dir=\"ltr\">\n<p dir=\"ltr\">Zalecamy przeczytanie polityki ochrony prywatno\u015bci tych firm, aby pozna\u0107 zasady korzystania z plik\u00f3w cookie wykorzystywane w statystykach:\u00a0<a href=\"http:\/\/www.google.pl\/intl\/pl\/analytics\/privacyoverview.html\">Polityka ochrony prywatno\u015bci Google Analytics<\/a><\/p>\n<\/li>\n<li dir=\"ltr\">\n<p dir=\"ltr\">Pliki cookie mog\u0105 by\u0107 wykorzystane przez sieci reklamowe, w szczeg\u00f3lno\u015bci sie\u0107 Google, do wy\u015bwietlenia reklam dopasowanych do sposobu, w jaki u\u017cytkownik korzysta z Serwisu. W tym celu mog\u0105 zachowa\u0107 informacj\u0119 o \u015bcie\u017cce nawigacji u\u017cytkownika lub czasie pozostawania na danej stronie.<\/p>\n<\/li>\n<li dir=\"ltr\">\n<p dir=\"ltr\">W zakresie informacji o preferencjach u\u017cytkownika gromadzonych przez sie\u0107 reklamow\u0105 Google u\u017cytkownik mo\u017ce przegl\u0105da\u0107 i edytowa\u0107 informacje wynikaj\u0105ce z plik\u00f3w cookies przy pomocy narz\u0119dzia:<a href=\"https:\/\/www.google.com\/ads\/preferences\/\">https:\/\/www.google.com\/ads\/preferences\/<\/a><\/p>\n<\/li>\n<\/ol>\n<h3 dir=\"ltr\">4. Logi serwera.<\/h3>\n<ol>\n<li dir=\"ltr\">\n<p dir=\"ltr\">Informacje o niekt\u00f3rych zachowaniach u\u017cytkownik\u00f3w podlegaj\u0105 logowaniu w warstwie serwerowej. Dane te s\u0105 wykorzystywane wy\u0142\u0105cznie w celu administrowania serwisem oraz w celu zapewnienia jak najbardziej sprawnej obs\u0142ugi \u015bwiadczonych us\u0142ug hostingowych.<\/p>\n<\/li>\n<li dir=\"ltr\">\n<p dir=\"ltr\">Przegl\u0105dane zasoby identyfikowane s\u0105 poprzez adresy URL. Ponadto zapisowi mog\u0105 podlega\u0107:<\/p>\n<ol>\n<li dir=\"ltr\">\n<p dir=\"ltr\">czas nadej\u015bcia zapytania,<\/p>\n<\/li>\n<li dir=\"ltr\">\n<p dir=\"ltr\">czas wys\u0142ania odpowiedzi,<\/p>\n<\/li>\n<li dir=\"ltr\">\n<p dir=\"ltr\">nazw\u0119 stacji klienta \u2013 identyfikacja realizowana przez protok\u00f3\u0142 HTTP,<\/p>\n<\/li>\n<li dir=\"ltr\">\n<p dir=\"ltr\">informacje o b\u0142\u0119dach jakie nast\u0105pi\u0142y przy realizacji transakcji HTTP,<\/p>\n<\/li>\n<li dir=\"ltr\">\n<p dir=\"ltr\">adres URL strony poprzednio odwiedzanej przez u\u017cytkownika (referer link) \u2013 w przypadku gdy przej\u015bcie do Serwisu nast\u0105pi\u0142o przez odno\u015bnik,<\/p>\n<\/li>\n<li dir=\"ltr\">\n<p dir=\"ltr\">informacje o przegl\u0105darce u\u017cytkownika,<\/p>\n<\/li>\n<li dir=\"ltr\">\n<p dir=\"ltr\">Informacje o adresie IP.<\/p>\n<\/li>\n<\/ol>\n<\/li>\n<li dir=\"ltr\">\n<p dir=\"ltr\">Dane powy\u017csze nie s\u0105 kojarzone z konkretnymi osobami przegl\u0105daj\u0105cymi strony.<\/p>\n<\/li>\n<li dir=\"ltr\">\n<p dir=\"ltr\">Dane powy\u017csze s\u0105 wykorzystywane jedynie dla cel\u00f3w administrowania serwerem.<\/p>\n<\/li>\n<\/ol>\n<h3 dir=\"ltr\">5. Udost\u0119pnienie danych.<\/h3>\n<ol>\n<li dir=\"ltr\">\n<p dir=\"ltr\">Dane podlegaj\u0105 udost\u0119pnieniu podmiotom zewn\u0119trznym wy\u0142\u0105cznie w granicach prawnie dozwolonych.<\/p>\n<\/li>\n<li dir=\"ltr\">\n<p dir=\"ltr\">Dane umo\u017cliwiaj\u0105ce identyfikacj\u0119 osoby fizycznej s\u0105 udost\u0119pniane wy\u0142\u0105czenie za zgod\u0105 tej osoby.<\/p>\n<\/li>\n<li dir=\"ltr\">\n<p dir=\"ltr\">Operator mo\u017ce mie\u0107 obowi\u0105zek udzielania informacji zebranych przez Serwis upowa\u017cnionym organom na podstawie zgodnych z prawem \u017c\u0105da\u0144 w zakresie wynikaj\u0105cym z \u017c\u0105dania.<\/p>\n<\/li>\n<\/ol>\n<h3 dir=\"ltr\">6. Zarz\u0105dzanie plikami cookies \u2013 jak w praktyce wyra\u017ca\u0107 i cofa\u0107 zgod\u0119?<\/h3>\n<ol>\n<li dir=\"ltr\">\n<p dir=\"ltr\">Je\u015bli u\u017cytkownik nie chce otrzymywa\u0107 plik\u00f3w cookies, mo\u017ce zmieni\u0107 ustawienia przegl\u0105darki. Zastrzegamy, \u017ce wy\u0142\u0105czenie obs\u0142ugi plik\u00f3w cookies niezb\u0119dnych dla proces\u00f3w uwierzytelniania, bezpiecze\u0144stwa, utrzymania preferencji u\u017cytkownika mo\u017ce utrudni\u0107, a w skrajnych przypadkach mo\u017ce uniemo\u017cliwi\u0107 korzystanie ze stron www<\/p>\n<\/li>\n<li dir=\"ltr\">\n<p dir=\"ltr\">W celu zarz\u0105dzania ustawieniami cookies wybierz z listy poni\u017cej przegl\u0105dark\u0119 internetow\u0105\/ system i post\u0119puj zgodnie z instrukcjami:<\/p>\n<ol>\n<li dir=\"ltr\">\n<p dir=\"ltr\"><a href=\"http:\/\/support.microsoft.com\/kb\/196955\">Internet Explorer<\/a><\/p>\n<\/li>\n<li dir=\"ltr\">\n<p dir=\"ltr\"><a href=\"http:\/\/support.google.com\/chrome\/bin\/answer.py?hl=pl&amp;answer=95647\">Chrome<\/a><\/p>\n<\/li>\n<li dir=\"ltr\">\n<p dir=\"ltr\"><a href=\"http:\/\/support.apple.com\/kb\/PH5042\">Safari<\/a><\/p>\n<\/li>\n<li dir=\"ltr\">\n<p dir=\"ltr\"><a href=\"http:\/\/support.mozilla.org\/pl\/kb\/W%C5%82%C4%85czanie%20i%20wy%C5%82%C4%85czanie%20obs%C5%82ugi%20ciasteczek\">Firefox<\/a><\/p>\n<\/li>\n<li dir=\"ltr\">\n<p dir=\"ltr\"><a href=\"http:\/\/help.opera.com\/Windows\/12.10\/pl\/cookies.html\">Opera<\/a><\/p>\n<\/li>\n<li dir=\"ltr\">\n<p dir=\"ltr\"><a href=\"http:\/\/support.google.com\/chrome\/bin\/answer.py?hl=pl&amp;answer=95647\">Android<\/a><\/p>\n<\/li>\n<li dir=\"ltr\">\n<p dir=\"ltr\"><a href=\"http:\/\/support.apple.com\/kb\/HT1677?viewlocale=pl_PL\">Safari (iOS)<\/a><\/p>\n<\/li>\n<li dir=\"ltr\">\n<p dir=\"ltr\"><a href=\"http:\/\/www.windowsphone.com\/pl-pl\/how-to\/wp7\/web\/changing-privacy-and-other-browser-settings\">Windows Phone<\/a><\/p>\n<\/li>\n<li dir=\"ltr\">\n<p dir=\"ltr\"><a href=\"http:\/\/docs.blackberry.com\/en\/smartphone_users\/deliverables\/32004\/Turn_off_cookies_in_the_browser_60_1072866_11.jsp\">Blackberry<\/a><\/p>\n<\/li>\n<\/ol>\n<\/li>\n<\/ol>\n","protected":false},"excerpt":{"rendered":"<p>Polityka prywatno\u015bci serwisu tarendo.pl 1. Informacje og\u00f3lne. Operatorem Serwisu www.orient.rzeszow.pl\u00a0jest Firma &#8220;Orient&#8221; J.Witek S.Proszak Sp.j. Serwis realizuje funkcje pozyskiwania informacji o u\u017cytkownikach i ich zachowaniu w nast\u0119puj\u0105cy spos\u00f3b: Poprzez dobrowolnie wprowadzone w formularzach informacje. Poprzez zapisywanie w urz\u0105dzeniach ko\u0144cowych pliki &hellip; <a href=\"https:\/\/orient.rzeszow.pl\/?page_id=17\"><\/a><\/p>\n","protected":false},"author":3,"featured_media":0,"parent":0,"menu_order":100,"comment_status":"closed","ping_status":"closed","template":"","meta":{"ngg_post_thumbnail":0},"_links":{"self":[{"href":"https:\/\/orient.rzeszow.pl\/index.php?rest_route=\/wp\/v2\/pages\/17"}],"collection":[{"href":"https:\/\/orient.rzeszow.pl\/index.php?rest_route=\/wp\/v2\/pages"}],"about":[{"href":"https:\/\/orient.rzeszow.pl\/index.php?rest_route=\/wp\/v2\/types\/page"}],"author":[{"embeddable":true,"href":"https:\/\/orient.rzeszow.pl\/index.php?rest_route=\/wp\/v2\/users\/3"}],"replies":[{"embeddable":true,"href":"https:\/\/orient.rzeszow.pl\/index.php?rest_route=%2Fwp%2Fv2%2Fcomments&post=17"}],"version-history":[{"count":0,"href":"https:\/\/orient.rzeszow.pl\/index.php?rest_route=\/wp\/v2\/pages\/17\/revisions"}],"wp:attachment":[{"href":"https:\/\/orient.rzeszow.pl\/index.php?rest_route=%2Fwp%2Fv2%2Fmedia&parent=17"}],"curies":[{"name":"wp","href":"https:\/\/api.w.org\/{rel}","templated":true}]}}