{"id":157,"date":"2013-10-14T20:02:00","date_gmt":"2013-10-14T18:02:00","guid":{"rendered":"http:\/\/orient.rzeszow.pl\/?page_id=157"},"modified":"2013-10-23T15:49:24","modified_gmt":"2013-10-23T13:49:24","slug":"szkolenia","status":"publish","type":"page","link":"https:\/\/orient.rzeszow.pl\/?page_id=157","title":{"rendered":"Szkolenia"},"content":{"rendered":"<p dir=\"ltr\">Szkolenie w technologii pokry\u0107 dachowych \u201cEPDM\u201d &#8211; Bruksela<\/p>\n<p><a href=\"http:\/\/orient.rzeszow.pl\/wp-content\/uploads\/2013\/10\/Bruksela-1024x747.jpg\"><img loading=\"lazy\" class=\"size-medium wp-image-511 aligncenter\" alt=\"Bruksela\" src=\"http:\/\/orient.rzeszow.pl\/wp-content\/uploads\/2013\/10\/Bruksela-1024x747-300x217.jpg\" width=\"300\" height=\"217\" srcset=\"https:\/\/orient.rzeszow.pl\/wp-content\/uploads\/2013\/10\/Bruksela-1024x747-300x217.jpg 300w, https:\/\/orient.rzeszow.pl\/wp-content\/uploads\/2013\/10\/Bruksela-1024x747.jpg 991w\" sizes=\"(max-width: 300px) 100vw, 300px\" \/><\/a><\/p>\n<p>Wsp\u00f3\u0142organizowanie konferencji naukowo-technicznej na temat membran EPDM i posadzek przemys\u0142owych &#8211; Wydzia\u0142 Budownictwa Politechniki Rzeszowskiej<\/p>\n<p dir=\"ltr\"><a href=\"http:\/\/orient.rzeszow.pl\/wp-content\/uploads\/2013\/10\/pk-797x10241.jpg\"><img loading=\"lazy\" class=\"alignnone size-medium wp-image-517 aligncenter\" alt=\"Politechnika Rzeszowska\" src=\"http:\/\/orient.rzeszow.pl\/wp-content\/uploads\/2013\/10\/pk-797x10241-228x300.jpg\" width=\"228\" height=\"300\" srcset=\"https:\/\/orient.rzeszow.pl\/wp-content\/uploads\/2013\/10\/pk-797x10241-228x300.jpg 228w, https:\/\/orient.rzeszow.pl\/wp-content\/uploads\/2013\/10\/pk-797x10241.jpg 742w\" sizes=\"(max-width: 228px) 100vw, 228px\" \/><\/a><\/p>\n<p dir=\"ltr\">Szkolenie w technologii pokry\u0107 dachowych z \u201cfoli PVC\u201d- Kolonia<\/p>\n<p><a href=\"http:\/\/orient.rzeszow.pl\/wp-content\/uploads\/2013\/10\/Kolonia-1024x8041.jpg\"><img loading=\"lazy\" class=\"size-medium wp-image-516 aligncenter\" alt=\"Kolonia\" src=\"http:\/\/orient.rzeszow.pl\/wp-content\/uploads\/2013\/10\/Kolonia-1024x8041-300x228.jpg\" width=\"300\" height=\"228\" srcset=\"https:\/\/orient.rzeszow.pl\/wp-content\/uploads\/2013\/10\/Kolonia-1024x8041-300x228.jpg 300w, https:\/\/orient.rzeszow.pl\/wp-content\/uploads\/2013\/10\/Kolonia-1024x8041.jpg 992w\" sizes=\"(max-width: 300px) 100vw, 300px\" \/><\/a><\/p>\n<ul>\n<li>MOGAT<\/li>\n<\/ul>\n<p style=\"text-align: center;\"><a href=\"http:\/\/www.mogat.pl\/index.html\"><img loading=\"lazy\" class=\"aligncenter\" alt=\"mogat_logo\" src=\"http:\/\/orient.rzeszow.pl\/wp-content\/uploads\/2013\/10\/mogat_logo.gif\" width=\"255\" height=\"60\" \/><\/a><\/p>\n<ul>\n<li>TechnoNICOL<\/li>\n<\/ul>\n<p style=\"text-align: center;\"><a href=\"http:\/\/www.technonicol.pl\/\"><img loading=\"lazy\" class=\"aligncenter\" alt=\"TachniNicol\" src=\"http:\/\/orient.rzeszow.pl\/wp-content\/uploads\/2013\/10\/TachniNicol.png\" width=\"180\" height=\"170\" \/><\/a><\/p>\n<ul>\n<li>EPDM FIRESTONE<\/li>\n<\/ul>\n<p style=\"text-align: center;\"><a href=\"http:\/\/firestonebpco.com\/roofing\/epdm-roofing-systems\/\"><img loading=\"lazy\" class=\"aligncenter\" alt=\"F1 logo\" src=\"http:\/\/orient.rzeszow.pl\/wp-content\/uploads\/2013\/10\/F1-logo.png\" width=\"245\" height=\"56\" \/><\/a><\/p>\n","protected":false},"excerpt":{"rendered":"<p>Szkolenie w technologii pokry\u0107 dachowych \u201cEPDM\u201d &#8211; Bruksela Wsp\u00f3\u0142organizowanie konferencji naukowo-technicznej na temat membran EPDM i posadzek przemys\u0142owych &#8211; Wydzia\u0142 Budownictwa Politechniki Rzeszowskiej Szkolenie w technologii pokry\u0107 dachowych z \u201cfoli PVC\u201d- Kolonia MOGAT TechnoNICOL EPDM FIRESTONE<\/p>\n","protected":false},"author":3,"featured_media":0,"parent":44,"menu_order":0,"comment_status":"closed","ping_status":"closed","template":"","meta":{"ngg_post_thumbnail":0},"_links":{"self":[{"href":"https:\/\/orient.rzeszow.pl\/index.php?rest_route=\/wp\/v2\/pages\/157"}],"collection":[{"href":"https:\/\/orient.rzeszow.pl\/index.php?rest_route=\/wp\/v2\/pages"}],"about":[{"href":"https:\/\/orient.rzeszow.pl\/index.php?rest_route=\/wp\/v2\/types\/page"}],"author":[{"embeddable":true,"href":"https:\/\/orient.rzeszow.pl\/index.php?rest_route=\/wp\/v2\/users\/3"}],"replies":[{"embeddable":true,"href":"https:\/\/orient.rzeszow.pl\/index.php?rest_route=%2Fwp%2Fv2%2Fcomments&post=157"}],"version-history":[{"count":0,"href":"https:\/\/orient.rzeszow.pl\/index.php?rest_route=\/wp\/v2\/pages\/157\/revisions"}],"up":[{"embeddable":true,"href":"https:\/\/orient.rzeszow.pl\/index.php?rest_route=\/wp\/v2\/pages\/44"}],"wp:attachment":[{"href":"https:\/\/orient.rzeszow.pl\/index.php?rest_route=%2Fwp%2Fv2%2Fmedia&parent=157"}],"curies":[{"name":"wp","href":"https:\/\/api.w.org\/{rel}","templated":true}]}}