{"id":149,"date":"2013-10-14T20:00:31","date_gmt":"2013-10-14T18:00:31","guid":{"rendered":"http:\/\/orient.rzeszow.pl\/?page_id=149"},"modified":"2013-11-05T13:56:48","modified_gmt":"2013-11-05T12:56:48","slug":"uslugi-doradcze-i-ekspertyzy","status":"publish","type":"page","link":"https:\/\/orient.rzeszow.pl\/?page_id=149","title":{"rendered":"Us\u0142ugi doradcze i ekspertyzy"},"content":{"rendered":"<p dir=\"ltr\"><strong>Us\u0142ugi doradcze i ekspertyzy<\/strong><\/p>\n<p dir=\"ltr\">Zr\u00f3b sw\u00f3j dach od razu dobrze!<\/p>\n<p dir=\"ltr\">Skorzystaj z naszego ponad 20-sto letniego praktycznego do\u015bwiadczenia w dziedzinie dach\u00f3w p\u0142askich.<\/p>\n<p dir=\"ltr\">Post\u0119p w dziedzinie technologii dach\u00f3w p\u0142askich jest taki sam jak np. w motoryzacji, dlatego te\u017c nale\u017cy po\u015bwi\u0119ci\u0107 du\u017co czasu, aby by\u0107 \u201ena bie\u017c\u0105co.<\/p>\n<p dir=\"ltr\">Czy wiesz, \u017ce?<\/p>\n<p dir=\"ltr\">\u2022 70 % dokumentacji projektowej, na podstawie kt\u00f3rej przygotowujemy wyceny rob\u00f3t dekarskich zawiera b\u0142\u0119dy merytoryczne lub braki<\/p>\n<p dir=\"ltr\">\u2022 90 % projekt\u00f3w zawiera rozwi\u0105zania zastosowane metod\u0105 \u201ekopiuj \u2013 wklej\u201e bez jakiejkolwiek analizy ekonomicznej i merytorycznej zastosowanego rozwi\u0105zania<\/p>\n<p dir=\"ltr\">\u2022 Pewna cz\u0119\u015b\u0107 projektant\u00f3w nie jest zainteresowana zastosowaniem innych rozwi\u0105za\u0144 ze wzgl\u0119du na powi\u0105zania z producentami materia\u0142\u00f3w<\/p>\n<p dir=\"ltr\">\u2022 Producenci materia\u0142\u00f3w rywalizuj\u0105c cenowo stosuj\u0105 rozliczne sztuczki marketingowe, aby materia\u0142 wygl\u0105da\u0142 poprawnie, natomiast jego sk\u0142ad pozostawia wiele do \u017cyczenia<\/p>\n<p dir=\"ltr\">\u2022 Istniej\u0105 producenci, kt\u00f3rzy zrobi\u0105 wszystko (mi\u0119dzy innymi stosuj\u0105c bardzo restrykcyjne warunki gwarancji), aby nie uzna\u0107 twojej ewentualnej reklamacji<\/p>\n<p dir=\"ltr\">\u2022 Ponad 50 % naszej dzia\u0142alno\u015bci polega na naprawianiu b\u0142\u0119d\u00f3w na istniej\u0105cych pokryciach dachowych, kt\u00f3re zosta\u0142y wykonane, odebrane i zap\u0142acone<\/p>\n<p dir=\"ltr\">Dlatego, aby nie uczy\u0107 si\u0119 na w\u0142asnych b\u0142\u0119dach warto skorzysta\u0107 z naszych do\u015bwiadcze\u0144:<\/p>\n<p dir=\"ltr\">\u2022 Dachy nowe:<\/p>\n<p dir=\"ltr\">Zrobimy za Ciebie wszystko od dokumentacji poprzez dob\u00f3r optymalnej merytorycznie i ekonomicznie technologii, dob\u00f3r materia\u0142\u00f3w i producent\u00f3w, weryfikacj\u0119 wykonawcy po ko\u0144cowy odbi\u00f3r.<\/p>\n<p dir=\"ltr\">\u2022 Dachy do remontu:<\/p>\n<p dir=\"ltr\">Oferujemy szczeg\u00f3\u0142ow\u0105 analiz\u0119 stanu istniej\u0105cego, dob\u00f3r technologii remontu, dob\u00f3r technologii remontu z optymalizacj\u0105 ekonomiczn\u0105.<\/p>\n<p dir=\"ltr\">\u2022 Dachy istniej\u0105ce<\/p>\n<p dir=\"ltr\">Zapomnij o swoim dachu my b\u0119dziemy pami\u0119ta\u0107.<\/p>\n<p>Oferujemy okresowe przegl\u0105dy pokry\u0107 dachowych z bie\u017c\u0105c\u0105 konserwacj\u0105 odwodnienia ( zwykle dwa razy w roku) po dokonanym przegl\u0105dzie przygotowujemy protok\u00f3\u0142 z ewentualnymi zaleceniami oraz wycen\u0105 zalecanych prac.<\/p>\n<p><a href=\"http:\/\/orient.rzeszow.pl\/wp-content\/uploads\/2013\/10\/DSC00939.jpg\"><img loading=\"lazy\" class=\"size-medium wp-image-595 alignleft\" alt=\"DSC00939\" src=\"http:\/\/orient.rzeszow.pl\/wp-content\/uploads\/2013\/10\/DSC00939-300x225.jpg\" width=\"300\" height=\"225\" srcset=\"https:\/\/orient.rzeszow.pl\/wp-content\/uploads\/2013\/10\/DSC00939-300x225.jpg 300w, https:\/\/orient.rzeszow.pl\/wp-content\/uploads\/2013\/10\/DSC00939-1024x768.jpg 1024w, https:\/\/orient.rzeszow.pl\/wp-content\/uploads\/2013\/10\/DSC00939-200x150.jpg 200w\" sizes=\"(max-width: 300px) 100vw, 300px\" \/><\/a><\/p>\n<p><a href=\"http:\/\/orient.rzeszow.pl\/wp-content\/uploads\/2013\/10\/DSC06416.jpg\"><img loading=\"lazy\" class=\"size-medium wp-image-596 alignleft\" alt=\"DSC06416\" src=\"http:\/\/orient.rzeszow.pl\/wp-content\/uploads\/2013\/10\/DSC06416-300x225.jpg\" width=\"300\" height=\"225\" srcset=\"https:\/\/orient.rzeszow.pl\/wp-content\/uploads\/2013\/10\/DSC06416-300x225.jpg 300w, https:\/\/orient.rzeszow.pl\/wp-content\/uploads\/2013\/10\/DSC06416-1024x768.jpg 1024w, https:\/\/orient.rzeszow.pl\/wp-content\/uploads\/2013\/10\/DSC06416-200x150.jpg 200w\" sizes=\"(max-width: 300px) 100vw, 300px\" \/><\/a><\/p>\n<p><a href=\"http:\/\/orient.rzeszow.pl\/wp-content\/uploads\/2013\/10\/Stan-istniejacy.jpg\"><img loading=\"lazy\" class=\"alignleft  wp-image-831\" alt=\"Stan-istniejacy\" src=\"http:\/\/orient.rzeszow.pl\/wp-content\/uploads\/2013\/10\/Stan-istniejacy.jpg\" width=\"300\" height=\"225\" \/><\/a><\/p>\n<p><img loading=\"lazy\" class=\" wp-image-600 alignleft\" alt=\"Van-p\" src=\"http:\/\/orient.rzeszow.pl\/wp-content\/uploads\/2013\/10\/Van-p-300x199.jpg\" width=\"300\" height=\"225\" \/> <a href=\"http:\/\/orient.rzeszow.pl\/wp-content\/uploads\/2013\/10\/VanPur2.jpg\"><img loading=\"lazy\" class=\" wp-image-601 alignleft\" alt=\"VanPur2\" src=\"http:\/\/orient.rzeszow.pl\/wp-content\/uploads\/2013\/10\/VanPur2-300x199.jpg\" width=\"300\" height=\"225\" \/><\/a><a href=\"http:\/\/orient.rzeszow.pl\/wp-content\/uploads\/2013\/10\/Zdjecie0451.jpg\"><img loading=\"lazy\" class=\"alignleft size-medium wp-image-830\" alt=\"Zdjecie0451\" src=\"http:\/\/orient.rzeszow.pl\/wp-content\/uploads\/2013\/10\/Zdjecie0451-300x225.jpg\" width=\"300\" height=\"225\" srcset=\"https:\/\/orient.rzeszow.pl\/wp-content\/uploads\/2013\/10\/Zdjecie0451-300x225.jpg 300w, https:\/\/orient.rzeszow.pl\/wp-content\/uploads\/2013\/10\/Zdjecie0451-1024x768.jpg 1024w, https:\/\/orient.rzeszow.pl\/wp-content\/uploads\/2013\/10\/Zdjecie0451-200x150.jpg 200w, https:\/\/orient.rzeszow.pl\/wp-content\/uploads\/2013\/10\/Zdjecie0451.jpg 1600w\" sizes=\"(max-width: 300px) 100vw, 300px\" \/><\/a><br \/>\n<img loading=\"lazy\" class=\" wp-image-597 alignleft\" alt=\"Maxbud1\" src=\"http:\/\/orient.rzeszow.pl\/wp-content\/uploads\/2013\/10\/Maxbud1-300x200.jpg\" width=\"300\" height=\"225\" \/><\/p>\n","protected":false},"excerpt":{"rendered":"<p>Us\u0142ugi doradcze i ekspertyzy Zr\u00f3b sw\u00f3j dach od razu dobrze! Skorzystaj z naszego ponad 20-sto letniego praktycznego do\u015bwiadczenia w dziedzinie dach\u00f3w p\u0142askich. Post\u0119p w dziedzinie technologii dach\u00f3w p\u0142askich jest taki sam jak np. w motoryzacji, dlatego te\u017c nale\u017cy po\u015bwi\u0119ci\u0107 du\u017co &hellip; <a href=\"https:\/\/orient.rzeszow.pl\/?page_id=149\"><\/a><\/p>\n","protected":false},"author":3,"featured_media":0,"parent":358,"menu_order":0,"comment_status":"closed","ping_status":"closed","template":"page-oferta.php","meta":{"ngg_post_thumbnail":0},"_links":{"self":[{"href":"https:\/\/orient.rzeszow.pl\/index.php?rest_route=\/wp\/v2\/pages\/149"}],"collection":[{"href":"https:\/\/orient.rzeszow.pl\/index.php?rest_route=\/wp\/v2\/pages"}],"about":[{"href":"https:\/\/orient.rzeszow.pl\/index.php?rest_route=\/wp\/v2\/types\/page"}],"author":[{"embeddable":true,"href":"https:\/\/orient.rzeszow.pl\/index.php?rest_route=\/wp\/v2\/users\/3"}],"replies":[{"embeddable":true,"href":"https:\/\/orient.rzeszow.pl\/index.php?rest_route=%2Fwp%2Fv2%2Fcomments&post=149"}],"version-history":[{"count":0,"href":"https:\/\/orient.rzeszow.pl\/index.php?rest_route=\/wp\/v2\/pages\/149\/revisions"}],"up":[{"embeddable":true,"href":"https:\/\/orient.rzeszow.pl\/index.php?rest_route=\/wp\/v2\/pages\/358"}],"wp:attachment":[{"href":"https:\/\/orient.rzeszow.pl\/index.php?rest_route=%2Fwp%2Fv2%2Fmedia&parent=149"}],"curies":[{"name":"wp","href":"https:\/\/api.w.org\/{rel}","templated":true}]}}