{"id":147,"date":"2013-10-14T20:00:17","date_gmt":"2013-10-14T18:00:17","guid":{"rendered":"http:\/\/orient.rzeszow.pl\/?page_id=147"},"modified":"2016-03-08T11:06:59","modified_gmt":"2016-03-08T10:06:59","slug":"odwodnienia-dachu-akcesoria","status":"publish","type":"page","link":"https:\/\/orient.rzeszow.pl\/?page_id=147","title":{"rendered":"Odwodnienia dachu, akcesoria dachowe"},"content":{"rendered":"<p dir=\"ltr\"><strong>Oferujemy wszystko do odwodnienia dachu &#8211; wpusty, kosze, przelewy awaryjne<\/strong><\/p>\n<p dir=\"ltr\">Kompleksowy system osprz\u0119tu dachowego rozwi\u0105\u017ce wszystkie problemy zwi\u0105zane z detalami na dachach p\u0142askich.<\/p>\n<p dir=\"ltr\"><strong>\u00a0<\/strong>Nasza oferta zawiera kilkaset rozwi\u0105za\u0144 do zastosowania na dachach p\u0142askich i tarasach.<\/p>\n<p dir=\"ltr\">Wszelkie elementy oferty posiadaj\u0105 ko\u0142nierze przy\u0142\u0105czeniowe do wszystkich wyst\u0119puj\u0105cych rodzaj\u00f3w pokry\u0107 dachowych &#8211; papy termozgrzewalne, folie PCV, TPO (FPO), EPDM, PE, STE.<\/p>\n<p dir=\"ltr\"><strong>\u00a0<\/strong>Mo\u017cemy r\u00f3wnie\u017c przygotowa\u0107 dowolny osprz\u0119t z zastosowaniem materia\u0142\u00f3w hydro izolacyjnych dostarczonych przez Zamawiaj\u0105cego.<\/p>\n<p dir=\"ltr\">Pokryciami dachowymi zajmujemy si\u0119 od ponad 20 lat, ch\u0119tnie pomo\u017cemy dobra\u0107 optymalne rozwi\u0105zanie do Twoich potrzeb.<\/p>\n<p dir=\"ltr\"><strong>\u00a0<\/strong>Nasza oferta zawiera:<\/p>\n<ul>\n<li>Ogrzewane oraz nieogrzewane wpusty i rzygacze<\/li>\n<li>Akcesoria i nasady do wpust\u00f3w dachowych i taras\u00f3w<\/li>\n<li>Elektroniczne termostaty do sterowania ogrzewania wpust\u00f3w<\/li>\n<li>Wpusty remontowe i kominki<\/li>\n<li>Przed\u0142u\u017cone wpusty dachowe<\/li>\n<li>Rzygacze i przelewy bezpiecze\u0144stwa<\/li>\n<li>Kosze ze stali nierdzewnej<\/li>\n<li>Kosze do zielonych dach\u00f3w<\/li>\n<li>Wpusty balkonowe<\/li>\n<li>Akcesoria do wpust\u00f3w balkonowych<\/li>\n<li>Kominki i przepusty<\/li>\n<li>Ko\u0142nierze uszczelniaj\u0105ce \u2013 kszta\u0142tki<\/li>\n<li>\u0141apacze \u015bniegu<\/li>\n<li>Profile zako\u0144czaj\u0105ce<\/li>\n<li>Listwy \u017cwirowe i kraw\u0119dziowe<\/li>\n<li>Turbiny wentylacyjne<\/li>\n<li>Rozwi\u0105zania dla parking\u00f3w \u2013 wpusty i kraty<\/li>\n<\/ul>\n<p dir=\"ltr\">Szczeg\u00f3\u0142owe informacje znajdziecie Pa\u0144stwo w znajduj\u0105cym si\u0119 poni\u017cej katalogu oraz cenniku.<\/p>\n<p>\u00a0<a href=\"http:\/\/orient.rzeszow.pl\/wp-content\/uploads\/2013\/10\/Katalog.pdf\"><img loading=\"lazy\" src=\"http:\/\/orient.rzeszow.pl\/wp-content\/uploads\/2013\/10\/katalog.jpg\" alt=\"katalog\" width=\"70\" height=\"70\" \/><\/a>\u00a0<a href=\"http:\/\/orient.rzeszow.pl\/wp-content\/uploads\/2013\/10\/K2-detale-dachowe.pdf\"><img loading=\"lazy\" src=\"http:\/\/orient.rzeszow.pl\/wp-content\/uploads\/2013\/10\/detale.jpg\" alt=\"detale\" width=\"70\" height=\"70\" \/><\/a>\u00a0<a href=\"http:\/\/orient.rzeszow.pl\/wp-content\/uploads\/2013\/10\/K1-Dokumentacja-akxcesoria.pdf\"><img loading=\"lazy\" style=\"border: 0px; margin: 0px;\" src=\"http:\/\/orient.rzeszow.pl\/wp-content\/uploads\/2013\/10\/akcesoria.jpg\" alt=\"akcesoria\" width=\"70\" height=\"70\" \/><\/a>\u00a0<a href=\"http:\/\/orient.rzeszow.pl\/wp-content\/uploads\/2013\/10\/P1_Detale_dachowe.zip\"><img loading=\"lazy\" class=\"alignnone  wp-image-800\" src=\"http:\/\/orient.rzeszow.pl\/wp-content\/uploads\/2013\/10\/DWG-detale-293x300.jpg\" alt=\"DWG - detale\" width=\"68\" height=\"70\" srcset=\"https:\/\/orient.rzeszow.pl\/wp-content\/uploads\/2013\/10\/DWG-detale-293x300.jpg 293w, https:\/\/orient.rzeszow.pl\/wp-content\/uploads\/2013\/10\/DWG-detale.jpg 512w\" sizes=\"(max-width: 68px) 100vw, 68px\" \/><\/a>\u00a0<a href=\"http:\/\/orient.rzeszow.pl\/wp-content\/uploads\/2013\/10\/P2_dokumentacja_-_akcesoria.zip\"><img loading=\"lazy\" class=\"alignnone  wp-image-801\" src=\"http:\/\/orient.rzeszow.pl\/wp-content\/uploads\/2013\/10\/DWG-akcesoria-293x300.jpg\" alt=\"DWG - akcesoria\" width=\"68\" height=\"70\" srcset=\"https:\/\/orient.rzeszow.pl\/wp-content\/uploads\/2013\/10\/DWG-akcesoria-293x300.jpg 293w, https:\/\/orient.rzeszow.pl\/wp-content\/uploads\/2013\/10\/DWG-akcesoria.jpg 512w\" sizes=\"(max-width: 68px) 100vw, 68px\" \/><\/a><\/p>\n<p style=\"text-align: center;\"><a href=\"http:\/\/orient.rzeszow.pl\/wp-content\/uploads\/2013\/10\/01_NEZATEPLENA_SKLADBA.jpg\"><img loading=\"lazy\" class=\"size-medium wp-image-647 aligncenter\" src=\"http:\/\/orient.rzeszow.pl\/wp-content\/uploads\/2013\/10\/01_NEZATEPLENA_SKLADBA-300x240.jpg\" alt=\"01_NEZATEPLENA_SKLADBA\" width=\"300\" height=\"240\" srcset=\"https:\/\/orient.rzeszow.pl\/wp-content\/uploads\/2013\/10\/01_NEZATEPLENA_SKLADBA-300x240.jpg 300w, https:\/\/orient.rzeszow.pl\/wp-content\/uploads\/2013\/10\/01_NEZATEPLENA_SKLADBA-1024x819.jpg 1024w, https:\/\/orient.rzeszow.pl\/wp-content\/uploads\/2013\/10\/01_NEZATEPLENA_SKLADBA.jpg 1600w\" sizes=\"(max-width: 300px) 100vw, 300px\" \/><\/a> <a href=\"http:\/\/orient.rzeszow.pl\/wp-content\/uploads\/2013\/10\/04_CHRLI.jpg\"><img loading=\"lazy\" class=\" wp-image-824 aligncenter\" src=\"http:\/\/orient.rzeszow.pl\/wp-content\/uploads\/2013\/10\/04_CHRLI-300x240.jpg\" alt=\"04_CHRLI\" width=\"300\" height=\"240\" srcset=\"https:\/\/orient.rzeszow.pl\/wp-content\/uploads\/2013\/10\/04_CHRLI-300x240.jpg 300w, https:\/\/orient.rzeszow.pl\/wp-content\/uploads\/2013\/10\/04_CHRLI-1024x819.jpg 1024w, https:\/\/orient.rzeszow.pl\/wp-content\/uploads\/2013\/10\/04_CHRLI.jpg 1600w\" sizes=\"(max-width: 300px) 100vw, 300px\" \/><\/a> <a href=\"http:\/\/orient.rzeszow.pl\/wp-content\/uploads\/2013\/10\/05_BALKONOVA.jpg\"><img loading=\"lazy\" class=\"size-medium wp-image-649 aligncenter\" src=\"http:\/\/orient.rzeszow.pl\/wp-content\/uploads\/2013\/10\/05_BALKONOVA-300x240.jpg\" alt=\"05_BALKONOVA\" width=\"300\" height=\"240\" srcset=\"https:\/\/orient.rzeszow.pl\/wp-content\/uploads\/2013\/10\/05_BALKONOVA-300x240.jpg 300w, https:\/\/orient.rzeszow.pl\/wp-content\/uploads\/2013\/10\/05_BALKONOVA-1024x819.jpg 1024w, https:\/\/orient.rzeszow.pl\/wp-content\/uploads\/2013\/10\/05_BALKONOVA.jpg 1600w\" sizes=\"(max-width: 300px) 100vw, 300px\" \/><\/a> <a href=\"http:\/\/orient.rzeszow.pl\/wp-content\/uploads\/2013\/10\/07_ZELENA.jpg\"><img loading=\"lazy\" class=\"size-medium wp-image-650 aligncenter\" src=\"http:\/\/orient.rzeszow.pl\/wp-content\/uploads\/2013\/10\/07_ZELENA-300x240.jpg\" alt=\"07_ZELENA\" width=\"300\" height=\"240\" srcset=\"https:\/\/orient.rzeszow.pl\/wp-content\/uploads\/2013\/10\/07_ZELENA-300x240.jpg 300w, https:\/\/orient.rzeszow.pl\/wp-content\/uploads\/2013\/10\/07_ZELENA-1024x819.jpg 1024w, https:\/\/orient.rzeszow.pl\/wp-content\/uploads\/2013\/10\/07_ZELENA.jpg 1600w\" sizes=\"(max-width: 300px) 100vw, 300px\" \/><\/a><\/p>\n<p style=\"text-align: center;\">\u00a0 \u00a0<a href=\"http:\/\/orient.rzeszow.pl\/wp-content\/uploads\/2013\/10\/09_SKLADBA_S_OBRACENYM_PORADIM.jpg\">\u00a0<img loading=\"lazy\" class=\"size-medium wp-image-651 aligncenter\" src=\"http:\/\/orient.rzeszow.pl\/wp-content\/uploads\/2013\/10\/09_SKLADBA_S_OBRACENYM_PORADIM-300x240.jpg\" alt=\"09_SKLADBA_S_OBRACENYM_PORADIM\" width=\"300\" height=\"240\" srcset=\"https:\/\/orient.rzeszow.pl\/wp-content\/uploads\/2013\/10\/09_SKLADBA_S_OBRACENYM_PORADIM-300x240.jpg 300w, https:\/\/orient.rzeszow.pl\/wp-content\/uploads\/2013\/10\/09_SKLADBA_S_OBRACENYM_PORADIM-1024x819.jpg 1024w, https:\/\/orient.rzeszow.pl\/wp-content\/uploads\/2013\/10\/09_SKLADBA_S_OBRACENYM_PORADIM.jpg 1600w\" sizes=\"(max-width: 300px) 100vw, 300px\" \/><\/a><\/p>\n<p><a href=\"http:\/\/orient.rzeszow.pl\/wp-content\/uploads\/2013\/10\/kabel-flexelec_01.jpg\"><img loading=\"lazy\" class=\"size-medium wp-image-485 alignleft\" src=\"http:\/\/orient.rzeszow.pl\/wp-content\/uploads\/2013\/10\/kabel-flexelec_01-212x300.jpg\" alt=\"kabel-flexelec_01\" width=\"212\" height=\"300\" srcset=\"https:\/\/orient.rzeszow.pl\/wp-content\/uploads\/2013\/10\/kabel-flexelec_01-212x300.jpg 212w, https:\/\/orient.rzeszow.pl\/wp-content\/uploads\/2013\/10\/kabel-flexelec_01-724x1024.jpg 724w\" sizes=\"(max-width: 212px) 100vw, 212px\" \/><\/a><a href=\"http:\/\/orient.rzeszow.pl\/wp-content\/uploads\/2013\/10\/kabel-flexelec_02.jpg\"><img loading=\"lazy\" class=\"size-medium wp-image-481 alignleft\" src=\"http:\/\/orient.rzeszow.pl\/wp-content\/uploads\/2013\/10\/kabel-flexelec_02-212x300.jpg\" alt=\"kabel-flexelec_02\" width=\"212\" height=\"300\" srcset=\"https:\/\/orient.rzeszow.pl\/wp-content\/uploads\/2013\/10\/kabel-flexelec_02-212x300.jpg 212w, https:\/\/orient.rzeszow.pl\/wp-content\/uploads\/2013\/10\/kabel-flexelec_02-724x1024.jpg 724w\" sizes=\"(max-width: 212px) 100vw, 212px\" \/><\/a> <a href=\"http:\/\/orient.rzeszow.pl\/wp-content\/uploads\/2013\/10\/insurance-certificate_01.jpg\"><img loading=\"lazy\" class=\"size-medium wp-image-480 alignleft\" src=\"http:\/\/orient.rzeszow.pl\/wp-content\/uploads\/2013\/10\/insurance-certificate_01-212x300.jpg\" alt=\"insurance-certificate_01\" width=\"212\" height=\"300\" srcset=\"https:\/\/orient.rzeszow.pl\/wp-content\/uploads\/2013\/10\/insurance-certificate_01-212x300.jpg 212w, https:\/\/orient.rzeszow.pl\/wp-content\/uploads\/2013\/10\/insurance-certificate_01-724x1024.jpg 724w\" sizes=\"(max-width: 212px) 100vw, 212px\" \/><\/a> <a href=\"http:\/\/orient.rzeszow.pl\/wp-content\/uploads\/2013\/10\/kabel-sira_01.jpg\"><img loading=\"lazy\" class=\"size-medium wp-image-482 alignleft\" src=\"http:\/\/orient.rzeszow.pl\/wp-content\/uploads\/2013\/10\/kabel-sira_01-213x300.jpg\" alt=\"kabel-sira_01\" width=\"213\" height=\"300\" srcset=\"https:\/\/orient.rzeszow.pl\/wp-content\/uploads\/2013\/10\/kabel-sira_01-213x300.jpg 213w, https:\/\/orient.rzeszow.pl\/wp-content\/uploads\/2013\/10\/kabel-sira_01-729x1024.jpg 729w\" sizes=\"(max-width: 213px) 100vw, 213px\" \/><\/a> <a href=\"http:\/\/orient.rzeszow.pl\/wp-content\/uploads\/2013\/10\/lga-en1253_01.jpg\"><img loading=\"lazy\" class=\"size-medium wp-image-483 alignleft\" src=\"http:\/\/orient.rzeszow.pl\/wp-content\/uploads\/2013\/10\/lga-en1253_01-212x300.jpg\" alt=\"lga-en1253_01\" width=\"212\" height=\"300\" srcset=\"https:\/\/orient.rzeszow.pl\/wp-content\/uploads\/2013\/10\/lga-en1253_01-212x300.jpg 212w, https:\/\/orient.rzeszow.pl\/wp-content\/uploads\/2013\/10\/lga-en1253_01-723x1024.jpg 723w\" sizes=\"(max-width: 212px) 100vw, 212px\" \/><\/a><a href=\"http:\/\/orient.rzeszow.pl\/wp-content\/uploads\/2013\/10\/topwet-iso-9001-english_01.jpg\"><img loading=\"lazy\" class=\"size-medium wp-image-484 alignleft\" src=\"http:\/\/orient.rzeszow.pl\/wp-content\/uploads\/2013\/10\/topwet-iso-9001-english_01-212x300.jpg\" alt=\"topwet-iso-9001-english_01\" width=\"212\" height=\"300\" srcset=\"https:\/\/orient.rzeszow.pl\/wp-content\/uploads\/2013\/10\/topwet-iso-9001-english_01-212x300.jpg 212w, https:\/\/orient.rzeszow.pl\/wp-content\/uploads\/2013\/10\/topwet-iso-9001-english_01-723x1024.jpg 723w\" sizes=\"(max-width: 212px) 100vw, 212px\" \/><\/a><\/p>\n","protected":false},"excerpt":{"rendered":"<p>Oferujemy wszystko do odwodnienia dachu &#8211; wpusty, kosze, przelewy awaryjne Kompleksowy system osprz\u0119tu dachowego rozwi\u0105\u017ce wszystkie problemy zwi\u0105zane z detalami na dachach p\u0142askich. \u00a0Nasza oferta zawiera kilkaset rozwi\u0105za\u0144 do zastosowania na dachach p\u0142askich i tarasach. Wszelkie elementy oferty posiadaj\u0105 ko\u0142nierze &hellip; <a href=\"https:\/\/orient.rzeszow.pl\/?page_id=147\"><\/a><\/p>\n","protected":false},"author":3,"featured_media":0,"parent":358,"menu_order":0,"comment_status":"closed","ping_status":"closed","template":"page-oferta.php","meta":{"ngg_post_thumbnail":0},"_links":{"self":[{"href":"https:\/\/orient.rzeszow.pl\/index.php?rest_route=\/wp\/v2\/pages\/147"}],"collection":[{"href":"https:\/\/orient.rzeszow.pl\/index.php?rest_route=\/wp\/v2\/pages"}],"about":[{"href":"https:\/\/orient.rzeszow.pl\/index.php?rest_route=\/wp\/v2\/types\/page"}],"author":[{"embeddable":true,"href":"https:\/\/orient.rzeszow.pl\/index.php?rest_route=\/wp\/v2\/users\/3"}],"replies":[{"embeddable":true,"href":"https:\/\/orient.rzeszow.pl\/index.php?rest_route=%2Fwp%2Fv2%2Fcomments&post=147"}],"version-history":[{"count":0,"href":"https:\/\/orient.rzeszow.pl\/index.php?rest_route=\/wp\/v2\/pages\/147\/revisions"}],"up":[{"embeddable":true,"href":"https:\/\/orient.rzeszow.pl\/index.php?rest_route=\/wp\/v2\/pages\/358"}],"wp:attachment":[{"href":"https:\/\/orient.rzeszow.pl\/index.php?rest_route=%2Fwp%2Fv2%2Fmedia&parent=147"}],"curies":[{"name":"wp","href":"https:\/\/api.w.org\/{rel}","templated":true}]}}