{"id":143,"date":"2013-10-14T19:59:59","date_gmt":"2013-10-14T17:59:59","guid":{"rendered":"http:\/\/orient.rzeszow.pl\/?page_id=143"},"modified":"2013-10-22T14:53:41","modified_gmt":"2013-10-22T12:53:41","slug":"tarasy-i-balkony","status":"publish","type":"page","link":"https:\/\/orient.rzeszow.pl\/?page_id=143","title":{"rendered":"Tarasy i balkony"},"content":{"rendered":"<p dir=\"ltr\"><strong>Kompleksowe rozwi\u0105zania &#8211; tarasy i balkony<\/strong><\/p>\n<p dir=\"ltr\">Koniec z przeciekami i odpadaj\u0105cymi p\u0142ytkami na tarasie lub balkonie!<\/p>\n<p dir=\"ltr\">Oferowane rozwi\u0105zanie gwarantuje wykonanie szczelnego oraz estetycznego tarasu, niezale\u017cnie od szeroko\u015bci geograficznej. W stosowanej przez nas technologii wykonuje si\u0119 tarasy od alpejskich stacji narciarskich po tropik.<\/p>\n<p dir=\"ltr\">Kolejnym atutem jest ogromna r\u00f3\u017cnorodno\u015b\u0107 oferowanych nawierzchni &#8211; od betonowych p\u0142ytek chodnikowych po kamienne &#8211; marmur, granit.<\/p>\n<p dir=\"ltr\">Podstawki pod p\u0142yty wykonane z polipropylenu przeznaczone s\u0105 w zasadzie do bezpo\u015bredniego uk\u0142adania na izolacji przeciw wilgociowej. Na podstawkach tych uk\u0142adane s\u0105 p\u0142ytki nawierzchniowe \u201ena sucho\u201d &#8211; bez \u017cadnej zaprawy. Wyposa\u017cone s\u0105 w prowadnice zapobiegaj\u0105ce przesuwaniu si\u0119 p\u0142ytek na skutek ruchu pieszego i rozszerzalno\u015bci termicznej. Doln\u0105 cz\u0119\u015b\u0107 podstawki zaprojektowano tak, aby woda by\u0142a odprowadzana bezpo\u015brednio na pokrycie, unikaj\u0105c w ten spos\u00f3b tworzenia zastoisk wodnych. Wszystkie podstawki s\u0105 modu\u0142owe i mog\u0105 by\u0107 \u0142\u0105czone ze sob\u0105 w celu uzyskania \u017c\u0105danej wysoko\u015bci, co pozwala na zniwelowanie nier\u00f3wno\u015bci pod\u0142o\u017ca.<\/p>\n<p dir=\"ltr\">Ponadto wa\u017cnymi zaletami tego rozwi\u0105zanie jest: mo\u017cliwo\u015b\u0107 szybkiego usuni\u0119cia nawierzchni w przypadku konieczno\u015bci dokonania przegl\u0105du warstwy hydroizolacyjnej oraz wzrost izolacyjno\u015bci termicznej spowodowany wyst\u0119powaniem pustki powietrznej pomi\u0119dzy p\u0142ytkami nawierzchniowymi a pozosta\u0142ymi warstwami stropodachu.<\/p>\n<p dir=\"ltr\" style=\"text-align: center;\"><a href=\"http:\/\/orient.rzeszow.pl\/wp-content\/uploads\/2013\/10\/tar3.jpg\"><img loading=\"lazy\" class=\"alignnone size-medium wp-image-250\" alt=\"tar3\" src=\"http:\/\/orient.rzeszow.pl\/wp-content\/uploads\/2013\/10\/tar3-300x200.jpg\" width=\"300\" height=\"200\" srcset=\"https:\/\/orient.rzeszow.pl\/wp-content\/uploads\/2013\/10\/tar3-300x200.jpg 300w, https:\/\/orient.rzeszow.pl\/wp-content\/uploads\/2013\/10\/tar3.jpg 600w\" sizes=\"(max-width: 300px) 100vw, 300px\" \/><\/a> <a href=\"http:\/\/orient.rzeszow.pl\/wp-content\/uploads\/2013\/10\/tar2.jpg\"><img loading=\"lazy\" class=\"alignnone size-medium wp-image-252\" alt=\"tar2\" src=\"http:\/\/orient.rzeszow.pl\/wp-content\/uploads\/2013\/10\/tar2-300x200.jpg\" width=\"300\" height=\"200\" srcset=\"https:\/\/orient.rzeszow.pl\/wp-content\/uploads\/2013\/10\/tar2-300x200.jpg 300w, https:\/\/orient.rzeszow.pl\/wp-content\/uploads\/2013\/10\/tar2.jpg 600w\" sizes=\"(max-width: 300px) 100vw, 300px\" \/><\/a> <a href=\"http:\/\/orient.rzeszow.pl\/wp-content\/uploads\/2013\/10\/tar1.jpg\"><img loading=\"lazy\" class=\"size-medium wp-image-253 aligncenter\" alt=\"tar1\" src=\"http:\/\/orient.rzeszow.pl\/wp-content\/uploads\/2013\/10\/tar1-300x200.jpg\" width=\"300\" height=\"200\" \/><\/a><\/p>\n","protected":false},"excerpt":{"rendered":"<p>Kompleksowe rozwi\u0105zania &#8211; tarasy i balkony Koniec z przeciekami i odpadaj\u0105cymi p\u0142ytkami na tarasie lub balkonie! Oferowane rozwi\u0105zanie gwarantuje wykonanie szczelnego oraz estetycznego tarasu, niezale\u017cnie od szeroko\u015bci geograficznej. W stosowanej przez nas technologii wykonuje si\u0119 tarasy od alpejskich stacji narciarskich &hellip; <a href=\"https:\/\/orient.rzeszow.pl\/?page_id=143\"><\/a><\/p>\n","protected":false},"author":3,"featured_media":0,"parent":358,"menu_order":0,"comment_status":"closed","ping_status":"closed","template":"page-oferta.php","meta":{"ngg_post_thumbnail":0},"_links":{"self":[{"href":"https:\/\/orient.rzeszow.pl\/index.php?rest_route=\/wp\/v2\/pages\/143"}],"collection":[{"href":"https:\/\/orient.rzeszow.pl\/index.php?rest_route=\/wp\/v2\/pages"}],"about":[{"href":"https:\/\/orient.rzeszow.pl\/index.php?rest_route=\/wp\/v2\/types\/page"}],"author":[{"embeddable":true,"href":"https:\/\/orient.rzeszow.pl\/index.php?rest_route=\/wp\/v2\/users\/3"}],"replies":[{"embeddable":true,"href":"https:\/\/orient.rzeszow.pl\/index.php?rest_route=%2Fwp%2Fv2%2Fcomments&post=143"}],"version-history":[{"count":0,"href":"https:\/\/orient.rzeszow.pl\/index.php?rest_route=\/wp\/v2\/pages\/143\/revisions"}],"up":[{"embeddable":true,"href":"https:\/\/orient.rzeszow.pl\/index.php?rest_route=\/wp\/v2\/pages\/358"}],"wp:attachment":[{"href":"https:\/\/orient.rzeszow.pl\/index.php?rest_route=%2Fwp%2Fv2%2Fmedia&parent=143"}],"curies":[{"name":"wp","href":"https:\/\/api.w.org\/{rel}","templated":true}]}}