{"id":141,"date":"2013-10-14T19:59:50","date_gmt":"2013-10-14T17:59:50","guid":{"rendered":"http:\/\/orient.rzeszow.pl\/?page_id=141"},"modified":"2013-10-25T16:41:13","modified_gmt":"2013-10-25T14:41:13","slug":"oferta-handlowa","status":"publish","type":"page","link":"https:\/\/orient.rzeszow.pl\/?page_id=141","title":{"rendered":"Oferta handlowa"},"content":{"rendered":"<p dir=\"ltr\"><strong>Dostawa materia\u0142\u00f3w hydroizolacyjnych ze sk\u0142adu w Rzeszowie<\/strong><\/p>\n<p dir=\"ltr\"><strong>Oferujemy:<\/strong><\/p>\n<ul>\n<li>Dostaw\u0119 na plac budowy wszelkich materia\u0142\u00f3w niezb\u0119dnych do wykonania pokry\u0107 dachowych lub remont\u00f3w dach\u00f3w p\u0142askich.<\/li>\n<li>Doradztwo na budowie w zakresie doboru materia\u0142\u00f3w oraz wykonawstwa.<\/li>\n<\/ul>\n<p dir=\"ltr\"><strong>Prowadzimy sk\u0142ady fabryczne nast\u0119puj\u0105cych producent\u00f3w materia\u0142\u00f3w pokryciowych:<\/strong><\/p>\n<ul>\n<li>Mogat Werke \u2013 Niemcy<\/li>\n<li>TachnoNICOL<\/li>\n<li>Rockwool<\/li>\n<\/ul>\n","protected":false},"excerpt":{"rendered":"<p>Dostawa materia\u0142\u00f3w hydroizolacyjnych ze sk\u0142adu w Rzeszowie Oferujemy: Dostaw\u0119 na plac budowy wszelkich materia\u0142\u00f3w niezb\u0119dnych do wykonania pokry\u0107 dachowych lub remont\u00f3w dach\u00f3w p\u0142askich. Doradztwo na budowie w zakresie doboru materia\u0142\u00f3w oraz wykonawstwa. Prowadzimy sk\u0142ady fabryczne nast\u0119puj\u0105cych producent\u00f3w materia\u0142\u00f3w pokryciowych: Mogat &hellip; <a href=\"https:\/\/orient.rzeszow.pl\/?page_id=141\"><\/a><\/p>\n","protected":false},"author":3,"featured_media":0,"parent":358,"menu_order":0,"comment_status":"closed","ping_status":"closed","template":"page-oferta.php","meta":{"ngg_post_thumbnail":0},"_links":{"self":[{"href":"https:\/\/orient.rzeszow.pl\/index.php?rest_route=\/wp\/v2\/pages\/141"}],"collection":[{"href":"https:\/\/orient.rzeszow.pl\/index.php?rest_route=\/wp\/v2\/pages"}],"about":[{"href":"https:\/\/orient.rzeszow.pl\/index.php?rest_route=\/wp\/v2\/types\/page"}],"author":[{"embeddable":true,"href":"https:\/\/orient.rzeszow.pl\/index.php?rest_route=\/wp\/v2\/users\/3"}],"replies":[{"embeddable":true,"href":"https:\/\/orient.rzeszow.pl\/index.php?rest_route=%2Fwp%2Fv2%2Fcomments&post=141"}],"version-history":[{"count":0,"href":"https:\/\/orient.rzeszow.pl\/index.php?rest_route=\/wp\/v2\/pages\/141\/revisions"}],"up":[{"embeddable":true,"href":"https:\/\/orient.rzeszow.pl\/index.php?rest_route=\/wp\/v2\/pages\/358"}],"wp:attachment":[{"href":"https:\/\/orient.rzeszow.pl\/index.php?rest_route=%2Fwp%2Fv2%2Fmedia&parent=141"}],"curies":[{"name":"wp","href":"https:\/\/api.w.org\/{rel}","templated":true}]}}