{"id":131,"date":"2013-10-14T19:58:54","date_gmt":"2013-10-14T17:58:54","guid":{"rendered":"http:\/\/orient.rzeszow.pl\/?page_id=131"},"modified":"2014-02-18T20:30:28","modified_gmt":"2014-02-18T19:30:28","slug":"odladzanie-rynien","status":"publish","type":"page","link":"https:\/\/orient.rzeszow.pl\/?page_id=131","title":{"rendered":"Odladzanie rynien"},"content":{"rendered":"<p dir=\"ltr\"><strong>Instalacje przeciwoblodzeniowe na dachach oraz w rynnach i rurach spustkowych<\/strong><\/p>\n<p dir=\"ltr\"><img loading=\"lazy\" class=\"aligncenter\" alt=\"sople\" src=\"http:\/\/orient.rzeszow.pl\/wp-content\/uploads\/2013\/10\/sople.jpg\" width=\"136\" height=\"207\" \/><\/p>\n<p dir=\"ltr\">Oferowane przez nas systemy przeciwoblodzeniowe usuwaj\u0105 l\u00f3d i zalegaj\u0105cy \u015bnieg z dach\u00f3w dowolnej konstrukcji. Zapewniaj\u0105 <strong>dro\u017cno\u015b\u0107 rynien<\/strong> i rur odprowadzaj\u0105cych roztopion\u0105 wod\u0119.<\/p>\n<p dir=\"ltr\">Systemy przeciwoblodzeniowe rozwi\u0105zuj\u0105 problemy wywo\u0142ywane przez l\u00f3d lub zalegaj\u0105cy \u015bnieg, zanim one powstan\u0105, zapewniaj\u0105c <strong>bezpiecze\u0144stwo<\/strong> u\u017cytkownik\u00f3w.<\/p>\n<p dir=\"ltr\"><a href=\"http:\/\/orient.rzeszow.pl\/wp-content\/uploads\/2013\/10\/instalacja.jpg\"><img loading=\"lazy\" class=\"size-full wp-image-243 aligncenter\" alt=\"instalacja\" src=\"http:\/\/orient.rzeszow.pl\/wp-content\/uploads\/2013\/10\/instalacja.jpg\" width=\"350\" height=\"441\" srcset=\"https:\/\/orient.rzeszow.pl\/wp-content\/uploads\/2013\/10\/instalacja.jpg 350w, https:\/\/orient.rzeszow.pl\/wp-content\/uploads\/2013\/10\/instalacja-238x300.jpg 238w\" sizes=\"(max-width: 350px) 100vw, 350px\" \/><\/a><\/p>\n","protected":false},"excerpt":{"rendered":"<p>Instalacje przeciwoblodzeniowe na dachach oraz w rynnach i rurach spustkowych Oferowane przez nas systemy przeciwoblodzeniowe usuwaj\u0105 l\u00f3d i zalegaj\u0105cy \u015bnieg z dach\u00f3w dowolnej konstrukcji. Zapewniaj\u0105 dro\u017cno\u015b\u0107 rynien i rur odprowadzaj\u0105cych roztopion\u0105 wod\u0119. Systemy przeciwoblodzeniowe rozwi\u0105zuj\u0105 problemy wywo\u0142ywane przez l\u00f3d lub &hellip; <a href=\"https:\/\/orient.rzeszow.pl\/?page_id=131\"><\/a><\/p>\n","protected":false},"author":3,"featured_media":0,"parent":358,"menu_order":0,"comment_status":"closed","ping_status":"closed","template":"page-oferta.php","meta":{"ngg_post_thumbnail":0},"_links":{"self":[{"href":"https:\/\/orient.rzeszow.pl\/index.php?rest_route=\/wp\/v2\/pages\/131"}],"collection":[{"href":"https:\/\/orient.rzeszow.pl\/index.php?rest_route=\/wp\/v2\/pages"}],"about":[{"href":"https:\/\/orient.rzeszow.pl\/index.php?rest_route=\/wp\/v2\/types\/page"}],"author":[{"embeddable":true,"href":"https:\/\/orient.rzeszow.pl\/index.php?rest_route=\/wp\/v2\/users\/3"}],"replies":[{"embeddable":true,"href":"https:\/\/orient.rzeszow.pl\/index.php?rest_route=%2Fwp%2Fv2%2Fcomments&post=131"}],"version-history":[{"count":0,"href":"https:\/\/orient.rzeszow.pl\/index.php?rest_route=\/wp\/v2\/pages\/131\/revisions"}],"up":[{"embeddable":true,"href":"https:\/\/orient.rzeszow.pl\/index.php?rest_route=\/wp\/v2\/pages\/358"}],"wp:attachment":[{"href":"https:\/\/orient.rzeszow.pl\/index.php?rest_route=%2Fwp%2Fv2%2Fmedia&parent=131"}],"curies":[{"name":"wp","href":"https:\/\/api.w.org\/{rel}","templated":true}]}}