{"id":127,"date":"2013-10-14T19:57:47","date_gmt":"2013-10-14T17:57:47","guid":{"rendered":"http:\/\/orient.rzeszow.pl\/?page_id=127"},"modified":"2014-03-21T13:56:03","modified_gmt":"2014-03-21T12:56:03","slug":"pokrycia-dachowe-membrany-epdm","status":"publish","type":"page","link":"https:\/\/orient.rzeszow.pl\/?page_id=127","title":{"rendered":"Pokrycia dachowe &#8211; membrany EPDM"},"content":{"rendered":"<p dir=\"ltr\"><strong>Membrany EPDM to jednowarstwowe pokrycia dachowe<\/strong><\/p>\n<p>\n<center><br \/>\n<iframe src=\"\/\/www.youtube.com\/embed\/c9SfjLNhlv0\" height=\"315\" width=\"420\" allowfullscreen=\"\" frameborder=\"0\"><\/iframe><\/center><\/p>\n<p>\n<a href=\"http:\/\/www.youtube.com\/watch?v=8nscdDkMToE\">GEOMEMBRANY EPDM &#8211; FIRESTONE<\/a>\u00a0 &lt;&lt; kliknij aby obejrze\u0107 filmik<\/p>\n<table border=\"0\">\n<tbody>\n<tr>\n<td><img loading=\"lazy\" class=\"alignnone size-full wp-image-407\" alt=\"F1 logo\" src=\"http:\/\/orient.rzeszow.pl\/wp-content\/uploads\/2013\/10\/F1-logo1.png\" width=\"245\" height=\"56\" \/><\/td>\n<td><a href=\"http:\/\/orient.rzeszow.pl\/wp-content\/uploads\/2013\/10\/F2-zdjecie.jpg\"><img loading=\"lazy\" class=\"size-medium wp-image-821 alignright\" alt=\"F2-zdjecie\" src=\"http:\/\/orient.rzeszow.pl\/wp-content\/uploads\/2013\/10\/F2-zdjecie-300x101.jpg\" width=\"300\" height=\"101\" srcset=\"https:\/\/orient.rzeszow.pl\/wp-content\/uploads\/2013\/10\/F2-zdjecie-300x101.jpg 300w, https:\/\/orient.rzeszow.pl\/wp-content\/uploads\/2013\/10\/F2-zdjecie.jpg 710w\" sizes=\"(max-width: 300px) 100vw, 300px\" \/><\/a><\/td>\n<\/tr>\n<tr>\n<td><\/td>\n<td>\n<p dir=\"ltr\" style=\"padding-left: 180px;\"><img loading=\"lazy\" class=\"wp-image-585 alignright\" alt=\"F8 Geomembrany\" src=\"http:\/\/orient.rzeszow.pl\/wp-content\/uploads\/2013\/10\/F8-Geomembrany.jpg\" width=\"198\" height=\"144\" \/><\/p>\n<\/td>\n<\/tr>\n<\/tbody>\n<\/table>\n<p dir=\"ltr\"><strong>Firestone<\/strong> opracowa\u0142 kompletny system pokry\u0107 dachowych jednowarstwow\u0105 membran\u0105 EPDM, na kt\u00f3ry sk\u0142adaj\u0105 si\u0119 du\u017cych wymiar\u00f3w arkusze membrany, ta\u015bmy klej\u0105ce, kleje, uszczelniacze, \u015brodki czyszcz\u0105ce, podk\u0142ady, \u0142\u0105czniki odporne na korozj\u0119, gotowe elementy obr\u00f3bek oraz pozosta\u0142e materia\u0142y niezb\u0119dne do wykonania pokrycia, zaprojektowane i wykonane tak, aby zapewni\u0107 najwy\u017csz\u0105 jako\u015b\u0107.<\/p>\n<p dir=\"ltr\" style=\"text-align: left;\">System balastowy:<\/p>\n<p style=\"text-align: center;\">\u00a0<a href=\"http:\/\/orient.rzeszow.pl\/wp-content\/uploads\/2013\/10\/F3-system-balastowy1.jpg\"><img loading=\"lazy\" class=\" wp-image-405 aligncenter\" alt=\"F3 system balastowy\" src=\"http:\/\/orient.rzeszow.pl\/wp-content\/uploads\/2013\/10\/F3-system-balastowy1-300x171.jpg\" width=\"300\" height=\"171\" srcset=\"https:\/\/orient.rzeszow.pl\/wp-content\/uploads\/2013\/10\/F3-system-balastowy1-300x171.jpg 300w, https:\/\/orient.rzeszow.pl\/wp-content\/uploads\/2013\/10\/F3-system-balastowy1-1024x585.jpg 1024w, https:\/\/orient.rzeszow.pl\/wp-content\/uploads\/2013\/10\/F3-system-balastowy1.jpg 1327w\" sizes=\"(max-width: 300px) 100vw, 300px\" \/><\/a><\/p>\n<p>System odwr\u00f3cony:<\/p>\n<p style=\"text-align: center;\"><a href=\"http:\/\/orient.rzeszow.pl\/wp-content\/uploads\/2013\/10\/F4-system-odwrocony.jpg\"><img loading=\"lazy\" class=\"alignnone size-medium wp-image-820\" alt=\"F4-system-odwrocony\" src=\"http:\/\/orient.rzeszow.pl\/wp-content\/uploads\/2013\/10\/F4-system-odwrocony-300x205.jpg\" width=\"300\" height=\"205\" srcset=\"https:\/\/orient.rzeszow.pl\/wp-content\/uploads\/2013\/10\/F4-system-odwrocony-300x205.jpg 300w, https:\/\/orient.rzeszow.pl\/wp-content\/uploads\/2013\/10\/F4-system-odwrocony.jpg 1000w\" sizes=\"(max-width: 300px) 100vw, 300px\" \/><\/a><\/p>\n<p>System pe\u0142nego klejenia:<\/p>\n<p style=\"text-align: center;\"><a href=\"http:\/\/orient.rzeszow.pl\/wp-content\/uploads\/2013\/10\/F5-system-klejomy.jpg\"><img loading=\"lazy\" class=\"size-medium wp-image-402 aligncenter\" alt=\"F5 system klejomy\" src=\"http:\/\/orient.rzeszow.pl\/wp-content\/uploads\/2013\/10\/F5-system-klejomy-300x205.jpg\" width=\"300\" height=\"205\" srcset=\"https:\/\/orient.rzeszow.pl\/wp-content\/uploads\/2013\/10\/F5-system-klejomy-300x205.jpg 300w, https:\/\/orient.rzeszow.pl\/wp-content\/uploads\/2013\/10\/F5-system-klejomy.jpg 1000w\" sizes=\"(max-width: 300px) 100vw, 300px\" \/><\/a><\/p>\n<p dir=\"ltr\">System mocowany mechanicznie:<\/p>\n<p dir=\"ltr\" style=\"text-align: center;\"><a href=\"http:\/\/orient.rzeszow.pl\/wp-content\/uploads\/2013\/10\/F6-system-mocowany-mechanicznie.jpg\"><img loading=\"lazy\" class=\"size-medium wp-image-403 aligncenter\" alt=\"F6 system mocowany mechanicznie\" src=\"http:\/\/orient.rzeszow.pl\/wp-content\/uploads\/2013\/10\/F6-system-mocowany-mechanicznie-300x205.jpg\" width=\"300\" height=\"205\" srcset=\"https:\/\/orient.rzeszow.pl\/wp-content\/uploads\/2013\/10\/F6-system-mocowany-mechanicznie-300x205.jpg 300w, https:\/\/orient.rzeszow.pl\/wp-content\/uploads\/2013\/10\/F6-system-mocowany-mechanicznie.jpg 1000w\" sizes=\"(max-width: 300px) 100vw, 300px\" \/><\/a><\/p>\n<p>System dach\u00f3w zielonych:<\/p>\n<p style=\"text-align: center;\"><a href=\"http:\/\/orient.rzeszow.pl\/wp-content\/uploads\/2013\/10\/F7-system-dachow-zielonych.jpg\"><img loading=\"lazy\" class=\"alignnone size-medium wp-image-819\" alt=\"F7-system-dachow-zielonych\" src=\"http:\/\/orient.rzeszow.pl\/wp-content\/uploads\/2013\/10\/F7-system-dachow-zielonych-300x205.jpg\" width=\"300\" height=\"205\" srcset=\"https:\/\/orient.rzeszow.pl\/wp-content\/uploads\/2013\/10\/F7-system-dachow-zielonych-300x205.jpg 300w, https:\/\/orient.rzeszow.pl\/wp-content\/uploads\/2013\/10\/F7-system-dachow-zielonych.jpg 1000w\" sizes=\"(max-width: 300px) 100vw, 300px\" \/><\/a><\/p>\n","protected":false},"excerpt":{"rendered":"<p>Membrany EPDM to jednowarstwowe pokrycia dachowe GEOMEMBRANY EPDM &#8211; FIRESTONE\u00a0 &lt;&lt; kliknij aby obejrze\u0107 filmik Firestone opracowa\u0142 kompletny system pokry\u0107 dachowych jednowarstwow\u0105 membran\u0105 EPDM, na kt\u00f3ry sk\u0142adaj\u0105 si\u0119 du\u017cych wymiar\u00f3w arkusze membrany, ta\u015bmy klej\u0105ce, kleje, uszczelniacze, \u015brodki czyszcz\u0105ce, podk\u0142ady, \u0142\u0105czniki &hellip; <a href=\"https:\/\/orient.rzeszow.pl\/?page_id=127\"><\/a><\/p>\n","protected":false},"author":3,"featured_media":0,"parent":159,"menu_order":2,"comment_status":"closed","ping_status":"closed","template":"page-oferta.php","meta":{"ngg_post_thumbnail":0},"_links":{"self":[{"href":"https:\/\/orient.rzeszow.pl\/index.php?rest_route=\/wp\/v2\/pages\/127"}],"collection":[{"href":"https:\/\/orient.rzeszow.pl\/index.php?rest_route=\/wp\/v2\/pages"}],"about":[{"href":"https:\/\/orient.rzeszow.pl\/index.php?rest_route=\/wp\/v2\/types\/page"}],"author":[{"embeddable":true,"href":"https:\/\/orient.rzeszow.pl\/index.php?rest_route=\/wp\/v2\/users\/3"}],"replies":[{"embeddable":true,"href":"https:\/\/orient.rzeszow.pl\/index.php?rest_route=%2Fwp%2Fv2%2Fcomments&post=127"}],"version-history":[{"count":0,"href":"https:\/\/orient.rzeszow.pl\/index.php?rest_route=\/wp\/v2\/pages\/127\/revisions"}],"up":[{"embeddable":true,"href":"https:\/\/orient.rzeszow.pl\/index.php?rest_route=\/wp\/v2\/pages\/159"}],"wp:attachment":[{"href":"https:\/\/orient.rzeszow.pl\/index.php?rest_route=%2Fwp%2Fv2%2Fmedia&parent=127"}],"curies":[{"name":"wp","href":"https:\/\/api.w.org\/{rel}","templated":true}]}}