{"id":125,"date":"2013-10-14T19:57:39","date_gmt":"2013-10-14T17:57:39","guid":{"rendered":"http:\/\/orient.rzeszow.pl\/?page_id=125"},"modified":"2013-10-24T15:57:20","modified_gmt":"2013-10-24T13:57:20","slug":"pokrycia-dachowe-folie-pvc","status":"publish","type":"page","link":"https:\/\/orient.rzeszow.pl\/?page_id=125","title":{"rendered":"Pokrycia dachowe &#8211; folie PVC i TPO"},"content":{"rendered":"<p dir=\"ltr\"><strong>Pokrycia dachowe foliami PVC i TPO<\/strong><\/p>\n<p dir=\"ltr\">Kreatywna architektura wymaga w dzisiejszych czasach materia\u0142\u00f3w, umo\u017cliwiaj\u0105cych architektowi urzeczywistnienie nawet bardzo wymy\u015blnych idei. Nasz\u0105 rol\u0105 jest wprowadza\u0107 je w \u017cycie.<\/p>\n<ul>\n<li>Systemy dla dach\u00f3w bez obci\u0105\u017ce\u0144 \u2013 mocowanie mechaniczne<\/li>\n<\/ul>\n<p style=\"text-align: center;\"><img loading=\"lazy\" class=\" wp-image-230 aligncenter\" alt=\"1pvc\" src=\"http:\/\/orient.rzeszow.pl\/wp-content\/uploads\/2013\/10\/1pvc.jpg\" width=\"160\" height=\"90\" \/><\/p>\n<ul>\n<li>Systemy balastowe \u2013 \u017cwir<\/li>\n<\/ul>\n<p style=\"text-align: center;\"><img loading=\"lazy\" class=\" wp-image-232 aligncenter\" alt=\"2pvc\" src=\"http:\/\/orient.rzeszow.pl\/wp-content\/uploads\/2013\/10\/2pvc.jpg\" width=\"160\" height=\"90\" \/><\/p>\n<ul>\n<li>Systemy dla dach\u00f3w zielonych \u2013 zazielenienie ekstensywne lub intensywne \u00a0\/ziele\u0144 ekstensywna lub intensywna\/<\/li>\n<\/ul>\n<p style=\"text-align: center;\"><img loading=\"lazy\" class=\" wp-image-233 aligncenter\" alt=\"3pvc\" src=\"http:\/\/orient.rzeszow.pl\/wp-content\/uploads\/2013\/10\/3pvc.jpg\" width=\"160\" height=\"90\" \/><\/p>\n<ul>\n<li>Systemy dla dach\u00f3w u\u017cytkowych \u2013 parkingi, tarasy<\/li>\n<\/ul>\n<p style=\"text-align: center;\"><img loading=\"lazy\" class=\" wp-image-234 aligncenter\" alt=\"4pvc\" src=\"http:\/\/orient.rzeszow.pl\/wp-content\/uploads\/2013\/10\/4pvc.jpg\" width=\"160\" height=\"90\" \/><\/p>\n<ul>\n<li>Naprawy i renowacje<\/li>\n<\/ul>\n<p style=\"text-align: center;\"><img loading=\"lazy\" class=\" wp-image-235 aligncenter\" alt=\"5pvc\" src=\"http:\/\/orient.rzeszow.pl\/wp-content\/uploads\/2013\/10\/5pvc.jpg\" width=\"160\" height=\"90\" \/><\/p>\n","protected":false},"excerpt":{"rendered":"<p>Pokrycia dachowe foliami PVC i TPO Kreatywna architektura wymaga w dzisiejszych czasach materia\u0142\u00f3w, umo\u017cliwiaj\u0105cych architektowi urzeczywistnienie nawet bardzo wymy\u015blnych idei. Nasz\u0105 rol\u0105 jest wprowadza\u0107 je w \u017cycie. Systemy dla dach\u00f3w bez obci\u0105\u017ce\u0144 \u2013 mocowanie mechaniczne Systemy balastowe \u2013 \u017cwir Systemy &hellip; <a href=\"https:\/\/orient.rzeszow.pl\/?page_id=125\"><\/a><\/p>\n","protected":false},"author":3,"featured_media":0,"parent":159,"menu_order":0,"comment_status":"closed","ping_status":"closed","template":"page-oferta.php","meta":{"ngg_post_thumbnail":0},"_links":{"self":[{"href":"https:\/\/orient.rzeszow.pl\/index.php?rest_route=\/wp\/v2\/pages\/125"}],"collection":[{"href":"https:\/\/orient.rzeszow.pl\/index.php?rest_route=\/wp\/v2\/pages"}],"about":[{"href":"https:\/\/orient.rzeszow.pl\/index.php?rest_route=\/wp\/v2\/types\/page"}],"author":[{"embeddable":true,"href":"https:\/\/orient.rzeszow.pl\/index.php?rest_route=\/wp\/v2\/users\/3"}],"replies":[{"embeddable":true,"href":"https:\/\/orient.rzeszow.pl\/index.php?rest_route=%2Fwp%2Fv2%2Fcomments&post=125"}],"version-history":[{"count":0,"href":"https:\/\/orient.rzeszow.pl\/index.php?rest_route=\/wp\/v2\/pages\/125\/revisions"}],"up":[{"embeddable":true,"href":"https:\/\/orient.rzeszow.pl\/index.php?rest_route=\/wp\/v2\/pages\/159"}],"wp:attachment":[{"href":"https:\/\/orient.rzeszow.pl\/index.php?rest_route=%2Fwp%2Fv2%2Fmedia&parent=125"}],"curies":[{"name":"wp","href":"https:\/\/api.w.org\/{rel}","templated":true}]}}