{"id":123,"date":"2013-10-14T19:57:30","date_gmt":"2013-10-14T17:57:30","guid":{"rendered":"http:\/\/orient.rzeszow.pl\/?page_id=123"},"modified":"2013-10-24T16:01:37","modified_gmt":"2013-10-24T14:01:37","slug":"pokrycia-dachowe-remozgrzewalne-bitumiczne","status":"publish","type":"page","link":"https:\/\/orient.rzeszow.pl\/?page_id=123","title":{"rendered":"Pokrycia dachowe &#8211; termozgrzewalne &#8211; bitumiczne"},"content":{"rendered":"<p><strong>Pokrycia dachowe bitumicznymi materia\u0142ami termozgrzewalnymi lub klejonymi (Pokrycia dachowe &#8211; termozgrzewalne &#8211; bitumiczne)<\/strong><\/p>\n<p dir=\"ltr\">Pierwsze papy wytwarzano nasycaj\u0105c pasy tektury bitumem w postaci naturalnej, materia\u0142 taki by\u0142 ma\u0142o odporny na promienie UV oraz elastyczny w temperaturze zaledwie 0 \u2013 70 \u00b0C, b\u0119d\u0105c praktycznie nierozci\u0105gliwy &#8211; wymaga\u0142 ci\u0105g\u0142ej konserwacji.<\/p>\n<p dir=\"ltr\">Obecnie producentom pap termozgrzewalnych uda\u0142o si\u0119 zlikwidowa\u0107 praktycznie wszystkie wady \u201estarych\u201d pap:<\/p>\n<p dir=\"ltr\">\u2022 Materia\u0142 nie wymaga konserwacji i jest odporny na UV dzi\u0119ki zastosowaniu posypki \u0142upkowej.<\/p>\n<p dir=\"ltr\">\u2022 Jest elastyczny w temperaturach od &#8211; 40 \u00b0C do +120 \u00b0C dzi\u0119ki zastosowaniu modyfikatora SBS (styren-butadien-styren).<\/p>\n<p dir=\"ltr\">\u2022 Jest rozci\u0105gliwy do 40 % dzi\u0119ki zastosowaniu wk\u0142adki poliestrowej.<\/p>\n<p dir=\"ltr\">Stosowanie nowoczesnych rozwi\u0105za\u0144 dachowych wymaga obecnie gruntownej znajomo\u015bci sztuki dekarskiej i znacznej praktyki.<\/p>\n<p dir=\"ltr\">Termozgrzewalne materia\u0142y bitumiczne wykorzystuje si\u0119 r\u00f3wnie\u017c jako hydroizolacj\u0119 na betonowych i stalowych obiektach mostowych, drogowych, kolejowych oraz stropach parking\u00f3w.<\/p>\n<p dir=\"ltr\">Tematyka pokry\u0107 dachowych termozgrzewalnych obejmuje kilkadziesi\u0105t rozwi\u0105za\u0144 dachowych, poni\u017cej prezentujemy kilka najpowszechniej stosowanych;<\/p>\n<p dir=\"ltr\">\u2022 REMONT STAREGO POKRYCIA NA PRZEK\u0141ADCE Z PAPY PERFOROWANEJ<\/p>\n<p dir=\"ltr\" style=\"text-align: center;\"><img loading=\"lazy\" class=\"size-full wp-image-221 aligncenter\" alt=\"1term\" src=\"http:\/\/orient.rzeszow.pl\/wp-content\/uploads\/2013\/10\/1term.jpg\" width=\"200\" height=\"172\" \/><\/p>\n<p dir=\"ltr\">\u2022 REMONT STAREGO POKRYCIA Z DOCIEPLENIEM STYROPIANEM LAMINOWANYM<\/p>\n<p dir=\"ltr\" style=\"text-align: center;\"><img loading=\"lazy\" class=\"aligncenter\" alt=\"2term\" src=\"http:\/\/orient.rzeszow.pl\/wp-content\/uploads\/2013\/10\/2term.jpg\" width=\"200\" height=\"172\" \/><\/p>\n<p dir=\"ltr\">\u2022 SYSTEM MOCOWANY MECHANICZNIE DWUWARSTWOWY<\/p>\n<p dir=\"ltr\" style=\"text-align: center;\"><a href=\"http:\/\/orient.rzeszow.pl\/wp-content\/uploads\/2013\/10\/3pvcd.jpg\"><img loading=\"lazy\" class=\"aligncenter\" alt=\"3pvcd\" src=\"http:\/\/orient.rzeszow.pl\/wp-content\/uploads\/2013\/10\/3pvcd-300x256.jpg\" width=\"300\" height=\"256\" \/><\/a><\/p>\n<p dir=\"ltr\" style=\"text-align: left;\">6. \u0141\u0105czniki teleskopowe<\/p>\n<p dir=\"ltr\" style=\"text-align: left;\">5. Papa nawierzchniowa<\/p>\n<p dir=\"ltr\" style=\"text-align: left;\">4. Papa podk\u0142adowa<\/p>\n<p dir=\"ltr\" style=\"text-align: left;\">3. Izolacja termiczna<\/p>\n<p dir=\"ltr\" style=\"text-align: left;\">2. Poroizolacja<\/p>\n<p dir=\"ltr\" style=\"text-align: left;\">1. Pod\u0142o\u017ce \u2013 blacha trapezowa<\/p>\n<p dir=\"ltr\">\u2022 SYSTEM MOCOWANY MECHANICZNIE JEDNOWARSTWOWY<\/p>\n<p dir=\"ltr\" style=\"text-align: center;\"><a href=\"http:\/\/orient.rzeszow.pl\/wp-content\/uploads\/2013\/10\/4termd.jpg\"><img loading=\"lazy\" class=\"aligncenter\" alt=\"4termd\" src=\"http:\/\/orient.rzeszow.pl\/wp-content\/uploads\/2013\/10\/4termd-300x257.jpg\" width=\"300\" height=\"257\" \/><\/a><\/p>\n<p dir=\"ltr\">6. \u0141\u0105czniki teleskopowe<\/p>\n<p dir=\"ltr\">5. Miejsce \u0142\u0105czenia papy<\/p>\n<p dir=\"ltr\">4. Papa jednowarstwowa<\/p>\n<p dir=\"ltr\">3. Izolacja termiczna<\/p>\n<p dir=\"ltr\">2. Poroizolacja<\/p>\n<p dir=\"ltr\">1. Pod\u0142o\u017ce \u2013 blacha trapezowa<\/p>\n","protected":false},"excerpt":{"rendered":"<p>Pokrycia dachowe bitumicznymi materia\u0142ami termozgrzewalnymi lub klejonymi (Pokrycia dachowe &#8211; termozgrzewalne &#8211; bitumiczne) Pierwsze papy wytwarzano nasycaj\u0105c pasy tektury bitumem w postaci naturalnej, materia\u0142 taki by\u0142 ma\u0142o odporny na promienie UV oraz elastyczny w temperaturze zaledwie 0 \u2013 70 \u00b0C, &hellip; <a href=\"https:\/\/orient.rzeszow.pl\/?page_id=123\"><\/a><\/p>\n","protected":false},"author":3,"featured_media":0,"parent":159,"menu_order":1,"comment_status":"closed","ping_status":"closed","template":"page-oferta.php","meta":{"ngg_post_thumbnail":0},"_links":{"self":[{"href":"https:\/\/orient.rzeszow.pl\/index.php?rest_route=\/wp\/v2\/pages\/123"}],"collection":[{"href":"https:\/\/orient.rzeszow.pl\/index.php?rest_route=\/wp\/v2\/pages"}],"about":[{"href":"https:\/\/orient.rzeszow.pl\/index.php?rest_route=\/wp\/v2\/types\/page"}],"author":[{"embeddable":true,"href":"https:\/\/orient.rzeszow.pl\/index.php?rest_route=\/wp\/v2\/users\/3"}],"replies":[{"embeddable":true,"href":"https:\/\/orient.rzeszow.pl\/index.php?rest_route=%2Fwp%2Fv2%2Fcomments&post=123"}],"version-history":[{"count":0,"href":"https:\/\/orient.rzeszow.pl\/index.php?rest_route=\/wp\/v2\/pages\/123\/revisions"}],"up":[{"embeddable":true,"href":"https:\/\/orient.rzeszow.pl\/index.php?rest_route=\/wp\/v2\/pages\/159"}],"wp:attachment":[{"href":"https:\/\/orient.rzeszow.pl\/index.php?rest_route=%2Fwp%2Fv2%2Fmedia&parent=123"}],"curies":[{"name":"wp","href":"https:\/\/api.w.org\/{rel}","templated":true}]}}